{"id":3239,"date":"2025-05-15T19:31:18","date_gmt":"2025-05-15T19:31:18","guid":{"rendered":"https:\/\/vivianwebdesigner.com.br\/warleyreis\/?page_id=3239"},"modified":"2025-05-15T19:42:35","modified_gmt":"2025-05-15T19:42:35","slug":"rotulo-ambiental","status":"publish","type":"page","link":"https:\/\/isopoint.com.br\/portal\/rotulo-ambiental\/","title":{"rendered":"R\u00f3tulo Ambiental"},"content":{"rendered":"\t\t<div data-elementor-type=\"wp-page\" data-elementor-id=\"3239\" class=\"elementor elementor-3239\" data-elementor-post-type=\"page\">\n\t\t\t\t<div class=\"has_eae_slider elementor-element elementor-element-c55c455 e-flex e-con-boxed e-con e-parent\" data-eae-slider=\"13606\" data-id=\"c55c455\" data-element_type=\"container\" data-e-type=\"container\">\n\t\t\t\t\t<div class=\"e-con-inner\">\n\t\t<div class=\"has_eae_slider elementor-element elementor-element-76eb669 e-con-full e-flex e-con e-child\" data-eae-slider=\"34810\" data-id=\"76eb669\" data-element_type=\"container\" data-e-type=\"container\">\n\t\t\t\t<div class=\"elementor-element elementor-element-8929ac7 elementor-widget__width-initial animated-slow elementor-widget-divider--view-line elementor-invisible elementor-widget elementor-widget-divider\" data-id=\"8929ac7\" data-element_type=\"widget\" data-e-type=\"widget\" data-settings=\"{&quot;_animation&quot;:&quot;fadeInDown&quot;}\" data-widget_type=\"divider.default\">\n\t\t\t\t<div class=\"elementor-widget-container\">\n\t\t\t\t\t\t\t<div class=\"elementor-divider\">\n\t\t\t<span class=\"elementor-divider-separator\">\n\t\t\t\t\t\t<\/span>\n\t\t<\/div>\n\t\t\t\t\t\t<\/div>\n\t\t\t\t<\/div>\n\t\t\t\t<div class=\"elementor-element elementor-element-e6f6346 animated-slow elementor-widget__width-initial elementor-widget-mobile__width-initial elementor-invisible elementor-widget elementor-widget-heading\" data-id=\"e6f6346\" data-element_type=\"widget\" data-e-type=\"widget\" data-settings=\"{&quot;_animation&quot;:&quot;fadeInUp&quot;}\" data-widget_type=\"heading.default\">\n\t\t\t\t<div class=\"elementor-widget-container\">\n\t\t\t\t\t<h2 class=\"elementor-heading-title elementor-size-default\">Rotulagem Ambiental<\/h2>\t\t\t\t<\/div>\n\t\t\t\t<\/div>\n\t\t\t\t<div class=\"elementor-element elementor-element-60abe00 animated-slow elementor-widget__width-initial elementor-invisible elementor-widget elementor-widget-heading\" data-id=\"60abe00\" data-element_type=\"widget\" data-e-type=\"widget\" data-settings=\"{&quot;_animation&quot;:&quot;fadeIn&quot;,&quot;_animation_delay&quot;:200}\" data-widget_type=\"heading.default\">\n\t\t\t\t<div class=\"elementor-widget-container\">\n\t\t\t\t\t<h2 class=\"elementor-heading-title elementor-size-default\">Se voc\u00ea busca destacar seus produtos no mercado com um diferencial sustent\u00e1vel reconhecido, o EcoSelo ISOPOINT \u00e9 a escolha ideal. Como certificadora acreditada pela Cgcre\/Inmetro, o ISOPOINT oferece a Certifica\u00e7\u00e3o de Rotulagem Ambiental Tipo I, alinhada \u00e0s normas ISO 14020 e ISO 14024, que avalia criteriosamente o ciclo de vida dos produtos, promovendo pr\u00e1ticas ambientalmente respons\u00e1veis.\nO processo de certifica\u00e7\u00e3o \u00e9 transparente e acess\u00edvel: desde a solicita\u00e7\u00e3o at\u00e9 a auditoria na f\u00e1brica, cada etapa \u00e9 conduzida com rigor t\u00e9cnico e compromisso com a qualidade. Ao conquistar o EcoSelo ISOPOINT, sua empresa demonstra n\u00e3o apenas conformidade com padr\u00f5es ambientais, mas tamb\u00e9m um compromisso genu\u00edno com a sustentabilidade e a inova\u00e7\u00e3o.\nAl\u00e9m de agregar valor \u00e0 sua marca, o EcoSelo ISOPOINT pode abrir portas para incentivos fiscais, como os previstos no Decreto 1.806\/22-SC, ao comprovar o uso de materiais recicl\u00e1veis em sua produ\u00e7\u00e3o. \nInvista na certifica\u00e7\u00e3o que une responsabilidade ambiental e competitividade de mercado. Com o ISOPOINT, sua empresa avan\u00e7a rumo a um futuro mais sustent\u00e1vel e promissor.\n<\/h2>\t\t\t\t<\/div>\n\t\t\t\t<\/div>\n\t\t\t\t<\/div>\n\t\t<div class=\"has_eae_slider elementor-element elementor-element-7b99e9d e-con-full e-flex elementor-invisible e-con e-child\" data-eae-slider=\"46672\" data-id=\"7b99e9d\" data-element_type=\"container\" data-e-type=\"container\" data-settings=\"{&quot;background_background&quot;:&quot;classic&quot;,&quot;animation&quot;:&quot;fadeInRight&quot;}\">\n\t\t\t\t<div class=\"elementor-element elementor-element-8e98940 elementor--h-position-center elementor--v-position-middle elementor-widget elementor-widget-slides\" data-id=\"8e98940\" data-element_type=\"widget\" data-e-type=\"widget\" data-settings=\"{&quot;navigation&quot;:&quot;none&quot;,&quot;autoplay_speed&quot;:3000,&quot;transition&quot;:&quot;fade&quot;,&quot;autoplay&quot;:&quot;yes&quot;,&quot;pause_on_hover&quot;:&quot;yes&quot;,&quot;pause_on_interaction&quot;:&quot;yes&quot;,&quot;infinite&quot;:&quot;yes&quot;,&quot;transition_speed&quot;:500}\" data-widget_type=\"slides.default\">\n\t\t\t\t<div class=\"elementor-widget-container\">\n\t\t\t\t\t\t\t\t\t<div class=\"elementor-swiper\">\n\t\t\t\t\t<div class=\"elementor-slides-wrapper elementor-main-swiper swiper\" role=\"region\" aria-roledescription=\"carousel\" aria-label=\"Slides\" dir=\"ltr\" data-animation=\"zoomIn\">\n\t\t\t\t<div class=\"swiper-wrapper elementor-slides\">\n\t\t\t\t\t\t\t\t\t\t<div class=\"elementor-repeater-item-d2a4d28 swiper-slide\" role=\"group\" aria-roledescription=\"slide\"><div class=\"swiper-slide-bg\" role=\"img\" aria-label=\"rotulagem ambiental\"><\/div><div class=\"swiper-slide-inner\" ><div class=\"swiper-slide-contents\"><\/div><\/div><\/div><div class=\"elementor-repeater-item-ae9f469 swiper-slide\" role=\"group\" aria-roledescription=\"slide\"><div class=\"swiper-slide-bg\" role=\"img\" aria-label=\"2\"><\/div><div class=\"swiper-slide-inner\" ><div class=\"swiper-slide-contents\"><\/div><\/div><\/div><div class=\"elementor-repeater-item-f91554e swiper-slide\" role=\"group\" aria-roledescription=\"slide\"><div class=\"swiper-slide-bg\" role=\"img\" aria-label=\"3\"><\/div><div class=\"swiper-slide-inner\" ><div class=\"swiper-slide-contents\"><\/div><\/div><\/div><div class=\"elementor-repeater-item-001dd9a swiper-slide\" role=\"group\" aria-roledescription=\"slide\"><div class=\"swiper-slide-bg\" role=\"img\" aria-label=\"4\"><\/div><div class=\"swiper-slide-inner\" ><div class=\"swiper-slide-contents\"><\/div><\/div><\/div><div class=\"elementor-repeater-item-2afaacf swiper-slide\" role=\"group\" aria-roledescription=\"slide\"><div class=\"swiper-slide-bg\" role=\"img\" aria-label=\"5\"><\/div><div class=\"swiper-slide-inner\" ><div class=\"swiper-slide-contents\"><\/div><\/div><\/div>\t\t\t\t<\/div>\n\t\t\t\t\t\t\t\t\t\t\t\t\t\t\t\t\t\t\t\t\t<\/div>\n\t\t\t\t<\/div>\n\t\t\t\t\t\t\t\t<\/div>\n\t\t\t\t<\/div>\n\t\t\t\t<\/div>\n\t\t\t\t\t<\/div>\n\t\t\t\t<\/div>\n\t\t\t\t<\/div>\n\t\t","protected":false},"excerpt":{"rendered":"<p>Rotulagem Ambiental Se voc\u00ea busca destacar seus produtos no mercado com um diferencial sustent\u00e1vel reconhecido, o EcoSelo ISOPOINT \u00e9 a escolha ideal. Como certificadora acreditada pela Cgcre\/Inmetro, o ISOPOINT oferece a Certifica\u00e7\u00e3o de Rotulagem Ambiental Tipo I, alinhada \u00e0s normas ISO 14020 e ISO 14024, que avalia criteriosamente o ciclo de vida dos produtos, promovendo [&hellip;]<\/p>\n","protected":false},"author":1,"featured_media":0,"parent":0,"menu_order":0,"comment_status":"closed","ping_status":"closed","template":"","meta":{"footnotes":""},"class_list":["post-3239","page","type-page","status-publish","hentry"],"_links":{"self":[{"href":"https:\/\/isopoint.com.br\/portal\/wp-json\/wp\/v2\/pages\/3239","targetHints":{"allow":["GET"]}}],"collection":[{"href":"https:\/\/isopoint.com.br\/portal\/wp-json\/wp\/v2\/pages"}],"about":[{"href":"https:\/\/isopoint.com.br\/portal\/wp-json\/wp\/v2\/types\/page"}],"author":[{"embeddable":true,"href":"https:\/\/isopoint.com.br\/portal\/wp-json\/wp\/v2\/users\/1"}],"replies":[{"embeddable":true,"href":"https:\/\/isopoint.com.br\/portal\/wp-json\/wp\/v2\/comments?post=3239"}],"version-history":[{"count":19,"href":"https:\/\/isopoint.com.br\/portal\/wp-json\/wp\/v2\/pages\/3239\/revisions"}],"predecessor-version":[{"id":3268,"href":"https:\/\/isopoint.com.br\/portal\/wp-json\/wp\/v2\/pages\/3239\/revisions\/3268"}],"wp:attachment":[{"href":"https:\/\/isopoint.com.br\/portal\/wp-json\/wp\/v2\/media?parent=3239"}],"curies":[{"name":"wp","href":"https:\/\/api.w.org\/{rel}","templated":true}]}}