{"id":3278,"date":"2025-05-15T19:49:50","date_gmt":"2025-05-15T19:49:50","guid":{"rendered":"https:\/\/vivianwebdesigner.com.br\/warleyreis\/?page_id=3278"},"modified":"2025-05-31T22:00:10","modified_gmt":"2025-05-31T22:00:10","slug":"normas-e-portarias-certificacao-de-produtos","status":"publish","type":"page","link":"https:\/\/isopoint.com.br\/portal\/normas-e-portarias-certificacao-de-produtos\/","title":{"rendered":"Normas e Portarias \u2013 Certifica\u00e7\u00e3o de Produtos"},"content":{"rendered":"\t\t<div data-elementor-type=\"wp-page\" data-elementor-id=\"3278\" class=\"elementor elementor-3278\" data-elementor-post-type=\"page\">\n\t\t\t\t<div class=\"has_eae_slider elementor-element elementor-element-32d5f61 e-flex e-con-boxed e-con e-parent\" data-eae-slider=\"53561\" data-id=\"32d5f61\" data-element_type=\"container\" data-e-type=\"container\" data-settings=\"{&quot;background_background&quot;:&quot;classic&quot;}\">\n\t\t\t\t\t<div class=\"e-con-inner\">\n\t\t\t\t<div class=\"elementor-element elementor-element-8d04959 elementor-widget elementor-widget-spacer\" data-id=\"8d04959\" data-element_type=\"widget\" data-e-type=\"widget\" data-widget_type=\"spacer.default\">\n\t\t\t\t<div class=\"elementor-widget-container\">\n\t\t\t\t\t\t\t<div class=\"elementor-spacer\">\n\t\t\t<div class=\"elementor-spacer-inner\"><\/div>\n\t\t<\/div>\n\t\t\t\t\t\t<\/div>\n\t\t\t\t<\/div>\n\t\t\t\t<div class=\"elementor-element elementor-element-31765b1 animated-slow elementor-widget__width-initial elementor-widget-mobile__width-initial elementor-invisible elementor-widget elementor-widget-heading\" data-id=\"31765b1\" data-element_type=\"widget\" data-e-type=\"widget\" data-settings=\"{&quot;_animation&quot;:&quot;fadeInUp&quot;}\" data-widget_type=\"heading.default\">\n\t\t\t\t<div class=\"elementor-widget-container\">\n\t\t\t\t\t<h2 class=\"elementor-heading-title elementor-size-default\">Normas e Portarias - Certifica\u00e7\u00e3o de Produtos\n<\/h2>\t\t\t\t<\/div>\n\t\t\t\t<\/div>\n\t\t\t\t<div class=\"elementor-element elementor-element-35fcd11 elementor-widget elementor-widget-spacer\" data-id=\"35fcd11\" data-element_type=\"widget\" data-e-type=\"widget\" data-widget_type=\"spacer.default\">\n\t\t\t\t<div class=\"elementor-widget-container\">\n\t\t\t\t\t\t\t<div class=\"elementor-spacer\">\n\t\t\t<div class=\"elementor-spacer-inner\"><\/div>\n\t\t<\/div>\n\t\t\t\t\t\t<\/div>\n\t\t\t\t<\/div>\n\t\t\t\t\t<\/div>\n\t\t\t\t<\/div>\n\t\t<div class=\"has_eae_slider elementor-element elementor-element-173e57f e-flex e-con-boxed e-con e-parent\" data-eae-slider=\"84671\" data-id=\"173e57f\" data-element_type=\"container\" data-e-type=\"container\">\n\t\t\t\t\t<div class=\"e-con-inner\">\n\t\t<div class=\"has_eae_slider elementor-element elementor-element-8b05b73 e-con-full e-flex e-con e-child\" data-eae-slider=\"71497\" data-id=\"8b05b73\" data-element_type=\"container\" data-e-type=\"container\">\n\t\t\t\t<div class=\"elementor-element elementor-element-4b6999a elementor-widget__width-initial animated-slow elementor-widget-divider--view-line elementor-invisible elementor-widget elementor-widget-divider\" data-id=\"4b6999a\" data-element_type=\"widget\" data-e-type=\"widget\" data-settings=\"{&quot;_animation&quot;:&quot;fadeInDown&quot;}\" data-widget_type=\"divider.default\">\n\t\t\t\t<div class=\"elementor-widget-container\">\n\t\t\t\t\t\t\t<div class=\"elementor-divider\">\n\t\t\t<span class=\"elementor-divider-separator\">\n\t\t\t\t\t\t<\/span>\n\t\t<\/div>\n\t\t\t\t\t\t<\/div>\n\t\t\t\t<\/div>\n\t\t\t\t<div class=\"elementor-element elementor-element-833e50d elementor-widget elementor-widget-text-editor\" data-id=\"833e50d\" data-element_type=\"widget\" data-e-type=\"widget\" data-widget_type=\"text-editor.default\">\n\t\t\t\t<div class=\"elementor-widget-container\">\n\t\t\t\t\t\t\t\t\t<p>\u00a0<b>Certifica\u00e7\u00e3o de Produtos:<\/b><\/p><ul><li style=\"font-weight: 400;\" aria-level=\"1\"><span style=\"font-weight: 400;\">Arm\u00e1rios \u2013 ABNT NBR 13961<\/span><\/li><li style=\"font-weight: 400;\" aria-level=\"1\"><span style=\"font-weight: 400;\">Assentos M\u00faltiplos \u2013 ABNT NBR 16031<\/span><\/li><li style=\"font-weight: 400;\" aria-level=\"1\"><span style=\"font-weight: 400;\">Assentos para Espectadores \u2013 NBR 15878; ABNT NBR 9050 e POP.5.048<\/span><\/li><li style=\"font-weight: 400;\" aria-level=\"1\"><span style=\"font-weight: 400;\">Ber\u00e7os Infantis \u2013 Portaria Inmetro n\u00b0 143 de 22\/03\/2021<\/span><\/li><li style=\"font-weight: 400;\" aria-level=\"1\"><span style=\"font-weight: 400;\">Cadeira e Banqueta \u2013 ISO 7173; ISO 7174; ISO 7174; FDE \u2013 CD \u2013 08<\/span><\/li><li style=\"font-weight: 400;\" aria-level=\"1\"><span style=\"font-weight: 400;\">Cadeiras \u2013 ABNT NBR 13962<\/span><\/li><li style=\"font-weight: 400;\" aria-level=\"1\"><span style=\"font-weight: 400;\">Cadeiras e Mesas para Conjunto Aluno Individual \u2013 Portaria Inmetro n\u00b0 401, de 28\/12\/2020<\/span><\/li><li style=\"font-weight: 400;\" aria-level=\"1\"><span style=\"font-weight: 400;\">Cadeiras Escolares com Superf\u00edcie de Trabalho Acoplada \u2013 ABNT NBR 16671<\/span><\/li><li style=\"font-weight: 400;\" aria-level=\"1\"><span style=\"font-weight: 400;\">Divis\u00f3ria Modular Tipo Piso-teto \u2013 ABNT NBR 15141<\/span><\/li><li style=\"font-weight: 400;\" aria-level=\"1\"><span style=\"font-weight: 400;\">Divis\u00f3ria Tipo Painel \u2013 ABNT NBR 13964<\/span><\/li><li style=\"font-weight: 400;\" aria-level=\"1\"><span style=\"font-weight: 400;\">Mesas \u2013 ABNT NBR 13966<\/span><\/li><li style=\"font-weight: 400;\" aria-level=\"1\"><span style=\"font-weight: 400;\">M\u00f3veis para Teleatendimento, Call Center e Telemarketing \u2013 ABNT NBR 15786<\/span><\/li><li style=\"font-weight: 400;\" aria-level=\"1\"><span style=\"font-weight: 400;\">Office Furniture \u2013 Office Work Chairs \u2013 Test methods for the determination of stability strength and durability \u2013 ISO 21015<\/span><\/li><li style=\"font-weight: 400;\" aria-level=\"1\"><span style=\"font-weight: 400;\">Operadoras de Planos Privados de Assist\u00eancia \u00e0 Sa\u00fade \u2013 Resolu\u00e7\u00e3o Normativa ANS n\u00b0 507, de 30\/03\/2022<\/span><\/li><li style=\"font-weight: 400;\" aria-level=\"1\"><span style=\"font-weight: 400;\">Rotulagem Ambiental Tipo I \u2013 ABNT NBR 14024; ABNT NBR 14020 e POP.5.050<\/span><\/li><li style=\"font-weight: 400;\" aria-level=\"1\"><span style=\"font-weight: 400;\">Sistema de Esta\u00e7\u00e3o de Trabalho \u2013 ABNT NBR 13967<\/span><\/li><li style=\"font-weight: 400;\" aria-level=\"1\"><span style=\"font-weight: 400;\">Sof\u00e1s \u2013 ABNT NBR 15164<\/span><\/li><li style=\"font-weight: 400;\" aria-level=\"1\"><span style=\"font-weight: 400;\">Tampos de Vidro para M\u00f3veis \u2013 ABNT NBR 14488<\/span><\/li><\/ul>\t\t\t\t\t\t\t\t<\/div>\n\t\t\t\t<\/div>\n\t\t\t\t<\/div>\n\t\t<div class=\"has_eae_slider elementor-element elementor-element-e79a909 e-con-full e-flex e-con e-child\" data-eae-slider=\"4666\" data-id=\"e79a909\" data-element_type=\"container\" data-e-type=\"container\">\n\t\t\t\t<div class=\"elementor-element elementor-element-f1047e6 elementor-widget__width-initial animated-slow elementor-widget-divider--view-line elementor-invisible elementor-widget elementor-widget-divider\" data-id=\"f1047e6\" data-element_type=\"widget\" data-e-type=\"widget\" data-settings=\"{&quot;_animation&quot;:&quot;fadeInDown&quot;}\" data-widget_type=\"divider.default\">\n\t\t\t\t<div class=\"elementor-widget-container\">\n\t\t\t\t\t\t\t<div class=\"elementor-divider\">\n\t\t\t<span class=\"elementor-divider-separator\">\n\t\t\t\t\t\t<\/span>\n\t\t<\/div>\n\t\t\t\t\t\t<\/div>\n\t\t\t\t<\/div>\n\t\t\t\t<div class=\"elementor-element elementor-element-a45d7b6 elementor-widget elementor-widget-text-editor\" data-id=\"a45d7b6\" data-element_type=\"widget\" data-e-type=\"widget\" data-widget_type=\"text-editor.default\">\n\t\t\t\t<div class=\"elementor-widget-container\">\n\t\t\t\t\t\t\t\t\t<p><b>Outras Certifica\u00e7\u00f5es:<\/b><\/p><ul><li style=\"font-weight: 400;\" aria-level=\"1\"><span style=\"font-weight: 400;\">Acessibilidade a Mobili\u00e1rio: Assentos para Pessoas Obesas \u2013 POP.5.039<\/span><\/li><li style=\"font-weight: 400;\" aria-level=\"1\"><span style=\"font-weight: 400;\">Verifica\u00e7\u00e3o Programa ESG &#8211; POP.5.067<\/span><\/li><li style=\"font-weight: 400;\" aria-level=\"1\"><span style=\"font-weight: 400;\">Boas Pr\u00e1ticas Ergon\u00f4micas de Produto &#8211; POP.5.002<\/span><\/li><li style=\"font-weight: 400;\" aria-level=\"1\"><span style=\"font-weight: 400;\">Arquivo Deslizante \u2013 POP.5.034<\/span><\/li><li style=\"font-weight: 400;\" aria-level=\"1\"><span style=\"font-weight: 400;\">Certifica\u00e7\u00e3o de Porta Pallet &#8211; POP.5.069<\/span><\/li><li style=\"font-weight: 400;\" aria-level=\"1\"><span style=\"font-weight: 400;\">Componentes Pl\u00e1sticos para Conjuntos Escolares \u2013 POP.5.060<\/span><\/li><li style=\"font-weight: 400;\" aria-level=\"1\"><span style=\"font-weight: 400;\">Conjunto Coletivo \u2013 POP.5.043<\/span><\/li><li style=\"font-weight: 400;\" aria-level=\"1\"><span style=\"font-weight: 400;\">Conjunto para Refeit\u00f3rio \u2013 POP.5.040<\/span><\/li><li style=\"font-weight: 400;\" aria-level=\"1\"><span style=\"font-weight: 400;\">Conjunto Professor \u2013 POP.5.041<\/span><\/li><li style=\"font-weight: 400;\" aria-level=\"1\"><span style=\"font-weight: 400;\">Contentor M\u00f3vel de Pl\u00e1stico \u2013 POP.5.038<\/span><\/li><li style=\"font-weight: 400;\" aria-level=\"1\"><span style=\"font-weight: 400;\">Ensaios Complementares CJA \u2013 FDE \u2013 ITS.5.009<\/span><\/li><li style=\"font-weight: 400;\" aria-level=\"1\"><span style=\"font-weight: 400;\">Espuma Flex\u00edvel \u2013 POP.5.003<\/span><\/li><li style=\"font-weight: 400;\" aria-level=\"1\"><span style=\"font-weight: 400;\">Estabilizador Postural \u2013 POP.5.045<\/span><\/li><li style=\"font-weight: 400;\" aria-level=\"1\"><span style=\"font-weight: 400;\">Forma de Poliestireno Expandido \u2013 EPS \u2013 POP.5.051<\/span><\/li><li style=\"font-weight: 400;\" aria-level=\"1\"><span style=\"font-weight: 400;\">Mesa Acess\u00edvel \u2013 POP.5.042<\/span><\/li><li style=\"font-weight: 400;\" aria-level=\"1\"><span style=\"font-weight: 400;\">Mesa para Alimenta\u00e7\u00e3o Infantil \u2013 POP.5.061<\/span><\/li><li style=\"font-weight: 400;\" aria-level=\"1\"><span style=\"font-weight: 400;\">Processo de Aplica\u00e7\u00e3o de Fita de Borda em Mobili\u00e1rio \u2013 POP.5.053<\/span><\/li><li style=\"font-weight: 400;\" aria-level=\"1\"><span style=\"font-weight: 400;\">Processo de Prepara\u00e7\u00e3o e Pintura \u2013 POP.5.027<\/span><\/li><li style=\"font-weight: 400;\" aria-level=\"1\"><span style=\"font-weight: 400;\">Produto com o Uso de Material Reciclado \u2013 POP.5.052<\/span><\/li><li style=\"font-weight: 400;\" aria-level=\"1\"><span style=\"font-weight: 400;\">RAC \u2013 Requisitos da Avalia\u00e7\u00e3o da Conformidade da do EPI-AGRO \u2013 POP.5.023<\/span><\/li><li style=\"font-weight: 400;\" aria-level=\"1\"><span style=\"font-weight: 400;\">Sistemas de Sinaliza\u00e7\u00e3o de Emerg\u00eancia \u2013 POP.5.035<\/span><\/li><li><span style=\"font-weight: 400;\">Tampa para Casa de M\u00e1quinas \u2013 POP.5.064<\/span><\/li><\/ul><p><br \/><b>\u00a0 \u00a0 \u00a0Outros Processos:<\/b><\/p><ul><li style=\"font-weight: 400;\" aria-level=\"1\"><span style=\"font-weight: 400;\">Avalia\u00e7\u00e3o da Conformidade<\/span><\/li><li style=\"font-weight: 400;\" aria-level=\"1\"><span style=\"font-weight: 400;\">NR 17 \u2013 Ergonomia<\/span><\/li><\/ul>\t\t\t\t\t\t\t\t<\/div>\n\t\t\t\t<\/div>\n\t\t\t\t<\/div>\n\t\t\t\t\t<\/div>\n\t\t\t\t<\/div>\n\t\t\t\t<\/div>\n\t\t","protected":false},"excerpt":{"rendered":"<p>Normas e Portarias &#8211; Certifica\u00e7\u00e3o de Produtos \u00a0Certifica\u00e7\u00e3o de Produtos: Arm\u00e1rios \u2013 ABNT NBR 13961 Assentos M\u00faltiplos \u2013 ABNT NBR 16031 Assentos para Espectadores \u2013 NBR 15878; ABNT NBR 9050 e POP.5.048 Ber\u00e7os Infantis \u2013 Portaria Inmetro n\u00b0 143 de 22\/03\/2021 Cadeira e Banqueta \u2013 ISO 7173; ISO 7174; ISO 7174; FDE \u2013 CD \u2013 [&hellip;]<\/p>\n","protected":false},"author":1,"featured_media":0,"parent":0,"menu_order":0,"comment_status":"closed","ping_status":"closed","template":"","meta":{"footnotes":""},"class_list":["post-3278","page","type-page","status-publish","hentry"],"_links":{"self":[{"href":"https:\/\/isopoint.com.br\/portal\/wp-json\/wp\/v2\/pages\/3278","targetHints":{"allow":["GET"]}}],"collection":[{"href":"https:\/\/isopoint.com.br\/portal\/wp-json\/wp\/v2\/pages"}],"about":[{"href":"https:\/\/isopoint.com.br\/portal\/wp-json\/wp\/v2\/types\/page"}],"author":[{"embeddable":true,"href":"https:\/\/isopoint.com.br\/portal\/wp-json\/wp\/v2\/users\/1"}],"replies":[{"embeddable":true,"href":"https:\/\/isopoint.com.br\/portal\/wp-json\/wp\/v2\/comments?post=3278"}],"version-history":[{"count":19,"href":"https:\/\/isopoint.com.br\/portal\/wp-json\/wp\/v2\/pages\/3278\/revisions"}],"predecessor-version":[{"id":3504,"href":"https:\/\/isopoint.com.br\/portal\/wp-json\/wp\/v2\/pages\/3278\/revisions\/3504"}],"wp:attachment":[{"href":"https:\/\/isopoint.com.br\/portal\/wp-json\/wp\/v2\/media?parent=3278"}],"curies":[{"name":"wp","href":"https:\/\/api.w.org\/{rel}","templated":true}]}}