{"id":461,"date":"2025-04-15T23:04:15","date_gmt":"2025-04-15T23:04:15","guid":{"rendered":"https:\/\/vivianwebdesigner.com.br\/warleyreis\/?page_id=461"},"modified":"2025-06-18T01:59:59","modified_gmt":"2025-06-18T01:59:59","slug":"nossa-acreditacao","status":"publish","type":"page","link":"https:\/\/isopoint.com.br\/portal\/nossa-acreditacao\/","title":{"rendered":"Nossa Acredita\u00e7\u00e3o"},"content":{"rendered":"\t\t<div data-elementor-type=\"wp-page\" data-elementor-id=\"461\" class=\"elementor elementor-461\" data-elementor-post-type=\"page\">\n\t\t\t\t<div class=\"has_eae_slider elementor-element elementor-element-9da9e82 e-flex e-con-boxed e-con e-parent\" data-eae-slider=\"19911\" data-id=\"9da9e82\" data-element_type=\"container\" data-e-type=\"container\">\n\t\t\t\t\t<div class=\"e-con-inner\">\n\t\t<div class=\"has_eae_slider elementor-element elementor-element-fe05fe2 e-con-full e-flex e-con e-child\" data-eae-slider=\"28812\" data-id=\"fe05fe2\" data-element_type=\"container\" data-e-type=\"container\">\n\t\t\t\t<div class=\"elementor-element elementor-element-b0df69a elementor-widget__width-initial animated-slow elementor-widget-divider--view-line elementor-invisible elementor-widget elementor-widget-divider\" data-id=\"b0df69a\" data-element_type=\"widget\" data-e-type=\"widget\" data-settings=\"{&quot;_animation&quot;:&quot;fadeInDown&quot;}\" data-widget_type=\"divider.default\">\n\t\t\t\t<div class=\"elementor-widget-container\">\n\t\t\t\t\t\t\t<div class=\"elementor-divider\">\n\t\t\t<span class=\"elementor-divider-separator\">\n\t\t\t\t\t\t<\/span>\n\t\t<\/div>\n\t\t\t\t\t\t<\/div>\n\t\t\t\t<\/div>\n\t\t\t\t<div class=\"elementor-element elementor-element-81e9385 animated-slow elementor-widget__width-initial elementor-widget-mobile__width-initial elementor-invisible elementor-widget elementor-widget-heading\" data-id=\"81e9385\" data-element_type=\"widget\" data-e-type=\"widget\" data-settings=\"{&quot;_animation&quot;:&quot;fadeInUp&quot;}\" data-widget_type=\"heading.default\">\n\t\t\t\t<div class=\"elementor-widget-container\">\n\t\t\t\t\t<h2 class=\"elementor-heading-title elementor-size-default\">Nossa Acredita\u00e7\u00e3o<\/h2>\t\t\t\t<\/div>\n\t\t\t\t<\/div>\n\t\t\t\t<div class=\"elementor-element elementor-element-6ee97d2 animated-slow elementor-widget__width-initial elementor-invisible elementor-widget elementor-widget-heading\" data-id=\"6ee97d2\" data-element_type=\"widget\" data-e-type=\"widget\" data-settings=\"{&quot;_animation&quot;:&quot;fadeIn&quot;,&quot;_animation_delay&quot;:200}\" data-widget_type=\"heading.default\">\n\t\t\t\t<div class=\"elementor-widget-container\">\n\t\t\t\t\t<h2 class=\"elementor-heading-title elementor-size-default\">A Coordena\u00e7\u00e3o Geral de Acredita\u00e7\u00e3o (Cgcre) do Inmetro \u00e9 o \u00fanico organismo brasileiro autorizado a acreditar entidades que avaliam a conformidade de produtos, servi\u00e7os e sistemas de gest\u00e3o. Criada pelo Decreto n\u00ba 6.275\/2007, a Cgcre assegura que essas entidades atendam a padr\u00f5es t\u00e9cnicos rigorosos. A Divis\u00e3o de Acredita\u00e7\u00e3o de Organismos de Certifica\u00e7\u00e3o (Dicor) conduz esse processo, garantindo que certificadoras operem com qualidade e confian\u00e7a, promovendo seguran\u00e7a e credibilidade no mercado brasileiro.<\/h2>\t\t\t\t<\/div>\n\t\t\t\t<\/div>\n\t\t\t\t<div class=\"elementor-element elementor-element-7a7cdcc elementor-align-left elementor-invisible elementor-widget elementor-widget-button\" data-id=\"7a7cdcc\" data-element_type=\"widget\" data-e-type=\"widget\" data-settings=\"{&quot;_animation&quot;:&quot;zoomIn&quot;}\" data-widget_type=\"button.default\">\n\t\t\t\t<div class=\"elementor-widget-container\">\n\t\t\t\t\t\t\t\t\t<div class=\"elementor-button-wrapper\">\n\t\t\t\t\t<a class=\"elementor-button elementor-button-link elementor-size-sm elementor-animation-grow\" href=\"http:\/\/www.inmetro.gov.br\/organismos\/consulta.asp\" target=\"_blank\">\n\t\t\t\t\t\t<span class=\"elementor-button-content-wrapper\">\n\t\t\t\t\t\t\t\t\t<span class=\"elementor-button-text\">VISUALIZAR ESPOCO NO SITE DO INMETRO<\/span>\n\t\t\t\t\t<\/span>\n\t\t\t\t\t<\/a>\n\t\t\t\t<\/div>\n\t\t\t\t\t\t\t\t<\/div>\n\t\t\t\t<\/div>\n\t\t\t\t<\/div>\n\t\t<div class=\"has_eae_slider elementor-element elementor-element-b10cb29 e-con-full e-flex elementor-invisible e-con e-child\" data-eae-slider=\"32713\" data-id=\"b10cb29\" data-element_type=\"container\" data-e-type=\"container\" data-settings=\"{&quot;background_background&quot;:&quot;classic&quot;,&quot;animation&quot;:&quot;fadeInRight&quot;}\">\n\t\t\t\t<div class=\"elementor-element elementor-element-9409e08 elementor--h-position-center elementor--v-position-middle elementor-widget elementor-widget-slides\" data-id=\"9409e08\" data-element_type=\"widget\" data-e-type=\"widget\" data-settings=\"{&quot;navigation&quot;:&quot;none&quot;,&quot;autoplay_speed&quot;:3000,&quot;transition&quot;:&quot;fade&quot;,&quot;autoplay&quot;:&quot;yes&quot;,&quot;pause_on_hover&quot;:&quot;yes&quot;,&quot;pause_on_interaction&quot;:&quot;yes&quot;,&quot;infinite&quot;:&quot;yes&quot;,&quot;transition_speed&quot;:500}\" data-widget_type=\"slides.default\">\n\t\t\t\t<div class=\"elementor-widget-container\">\n\t\t\t\t\t\t\t\t\t<div class=\"elementor-swiper\">\n\t\t\t\t\t<div class=\"elementor-slides-wrapper elementor-main-swiper swiper\" role=\"region\" aria-roledescription=\"carousel\" aria-label=\"Slides\" dir=\"ltr\" data-animation=\"zoomIn\">\n\t\t\t\t<div class=\"swiper-wrapper elementor-slides\">\n\t\t\t\t\t\t\t\t\t\t<div class=\"elementor-repeater-item-d2a4d28 swiper-slide\" role=\"group\" aria-roledescription=\"slide\"><div class=\"swiper-slide-bg\" role=\"img\" aria-label=\"assento espectadores\"><\/div><div class=\"swiper-slide-inner\" ><div class=\"swiper-slide-contents\"><\/div><\/div><\/div><div class=\"elementor-repeater-item-ae9f469 swiper-slide\" role=\"group\" aria-roledescription=\"slide\"><div class=\"swiper-slide-bg\" role=\"img\" aria-label=\"10\"><\/div><div class=\"swiper-slide-inner\" ><div class=\"swiper-slide-contents\"><\/div><\/div><\/div><div class=\"elementor-repeater-item-f91554e swiper-slide\" role=\"group\" aria-roledescription=\"slide\"><div class=\"swiper-slide-bg\" role=\"img\" aria-label=\"\"><\/div><div class=\"swiper-slide-inner\" ><div class=\"swiper-slide-contents\"><\/div><\/div><\/div><div class=\"elementor-repeater-item-001dd9a swiper-slide\" role=\"group\" aria-roledescription=\"slide\"><div class=\"swiper-slide-bg\" role=\"img\" aria-label=\"banner isopoint (2) (1)\"><\/div><div class=\"swiper-slide-inner\" ><div class=\"swiper-slide-contents\"><\/div><\/div><\/div><div class=\"elementor-repeater-item-2afaacf swiper-slide\" role=\"group\" aria-roledescription=\"slide\"><div class=\"swiper-slide-bg\" role=\"img\" aria-label=\"mesa de escritorio\"><\/div><div class=\"swiper-slide-inner\" ><div class=\"swiper-slide-contents\"><\/div><\/div><\/div>\t\t\t\t<\/div>\n\t\t\t\t\t\t\t\t\t\t\t\t\t\t\t\t\t\t\t\t\t<\/div>\n\t\t\t\t<\/div>\n\t\t\t\t\t\t\t\t<\/div>\n\t\t\t\t<\/div>\n\t\t\t\t<\/div>\n\t\t\t\t\t<\/div>\n\t\t\t\t<\/div>\n\t\t<div class=\"has_eae_slider elementor-element elementor-element-3c63aed e-flex e-con-boxed e-con e-parent\" data-eae-slider=\"23081\" data-id=\"3c63aed\" data-element_type=\"container\" data-e-type=\"container\">\n\t\t\t\t\t<div class=\"e-con-inner\">\n\t\t<div class=\"has_eae_slider elementor-element elementor-element-e692fbe e-con-full e-flex e-con e-child\" data-eae-slider=\"14713\" data-id=\"e692fbe\" data-element_type=\"container\" data-e-type=\"container\">\n\t\t\t\t<div class=\"elementor-element elementor-element-92692d8 animated-slow elementor-widget__width-initial elementor-widget-mobile__width-initial elementor-invisible elementor-widget elementor-widget-heading\" data-id=\"92692d8\" data-element_type=\"widget\" data-e-type=\"widget\" data-settings=\"{&quot;_animation&quot;:&quot;fadeInUp&quot;}\" data-widget_type=\"heading.default\">\n\t\t\t\t<div class=\"elementor-widget-container\">\n\t\t\t\t\t<h2 class=\"elementor-heading-title elementor-size-default\">Certificado<\/h2>\t\t\t\t<\/div>\n\t\t\t\t<\/div>\n\t\t\t\t<div class=\"elementor-element elementor-element-81feb7f elementor-widget__width-initial elementor-widget-divider--view-line elementor-widget elementor-widget-divider\" data-id=\"81feb7f\" data-element_type=\"widget\" data-e-type=\"widget\" data-widget_type=\"divider.default\">\n\t\t\t\t<div class=\"elementor-widget-container\">\n\t\t\t\t\t\t\t<div class=\"elementor-divider\">\n\t\t\t<span class=\"elementor-divider-separator\">\n\t\t\t\t\t\t<\/span>\n\t\t<\/div>\n\t\t\t\t\t\t<\/div>\n\t\t\t\t<\/div>\n\t\t\t\t<div class=\"elementor-element elementor-element-73ba0ed elementor-widget elementor-widget-image-gallery\" data-id=\"73ba0ed\" data-element_type=\"widget\" data-e-type=\"widget\" data-widget_type=\"image-gallery.default\">\n\t\t\t\t<div class=\"elementor-widget-container\">\n\t\t\t\t\t\t\t<div class=\"elementor-image-gallery\">\n\t\t\t<div id='gallery-1' class='gallery galleryid-461 gallery-columns-1 gallery-size-full'><figure class='gallery-item'>\n\t\t\t<div class='gallery-icon landscape'>\n\t\t\t\t<a data-elementor-open-lightbox=\"yes\" data-elementor-lightbox-slideshow=\"73ba0ed\" data-elementor-lightbox-title=\"Certificado de Acredita\u00e7\u00e3o Isopoint\" data-e-action-hash=\"#elementor-action%3Aaction%3Dlightbox%26settings%3DeyJpZCI6MTM3OCwidXJsIjoiaHR0cHM6XC9cL2lzb3BvaW50LmNvbS5iclwvcG9ydGFsXC93cC1jb250ZW50XC91cGxvYWRzXC8yMDI1XC8wNFwvY2VydGlmaWNhZG9fb2NwX2lzb3BvaW50LTIzLTA1LTIwMTkuanBnIiwic2xpZGVzaG93IjoiNzNiYTBlZCJ9\" href='https:\/\/isopoint.com.br\/portal\/wp-content\/uploads\/2025\/04\/certificado_ocp_isopoint-23-05-2019.jpg'><img fetchpriority=\"high\" decoding=\"async\" width=\"2339\" height=\"1654\" src=\"https:\/\/isopoint.com.br\/portal\/wp-content\/uploads\/2025\/04\/certificado_ocp_isopoint-23-05-2019.jpg\" class=\"attachment-full size-full\" alt=\"\" srcset=\"https:\/\/isopoint.com.br\/portal\/wp-content\/uploads\/2025\/04\/certificado_ocp_isopoint-23-05-2019.jpg 2339w, https:\/\/isopoint.com.br\/portal\/wp-content\/uploads\/2025\/04\/certificado_ocp_isopoint-23-05-2019-300x212.jpg 300w, https:\/\/isopoint.com.br\/portal\/wp-content\/uploads\/2025\/04\/certificado_ocp_isopoint-23-05-2019-1024x724.jpg 1024w, https:\/\/isopoint.com.br\/portal\/wp-content\/uploads\/2025\/04\/certificado_ocp_isopoint-23-05-2019-768x543.jpg 768w, https:\/\/isopoint.com.br\/portal\/wp-content\/uploads\/2025\/04\/certificado_ocp_isopoint-23-05-2019-1536x1086.jpg 1536w, https:\/\/isopoint.com.br\/portal\/wp-content\/uploads\/2025\/04\/certificado_ocp_isopoint-23-05-2019-2048x1448.jpg 2048w\" sizes=\"(max-width: 2339px) 100vw, 2339px\" \/><\/a>\n\t\t\t<\/div><\/figure>\n\t\t<\/div>\n\t\t<\/div>\n\t\t\t\t\t\t<\/div>\n\t\t\t\t<\/div>\n\t\t\t\t<\/div>\n\t\t<div class=\"has_eae_slider elementor-element elementor-element-7e588ef e-con-full e-flex e-con e-child\" data-eae-slider=\"3638\" data-id=\"7e588ef\" data-element_type=\"container\" data-e-type=\"container\">\n\t\t\t\t<div class=\"elementor-element elementor-element-d59b0b0 animated-slow elementor-widget__width-initial elementor-widget-mobile__width-initial elementor-invisible elementor-widget elementor-widget-heading\" data-id=\"d59b0b0\" data-element_type=\"widget\" data-e-type=\"widget\" data-settings=\"{&quot;_animation&quot;:&quot;fadeInUp&quot;}\" data-widget_type=\"heading.default\">\n\t\t\t\t<div class=\"elementor-widget-container\">\n\t\t\t\t\t<h2 class=\"elementor-heading-title elementor-size-default\">Escopo<\/h2>\t\t\t\t<\/div>\n\t\t\t\t<\/div>\n\t\t\t\t<div class=\"elementor-element elementor-element-12215f7 elementor-widget__width-initial elementor-widget-divider--view-line elementor-widget elementor-widget-divider\" data-id=\"12215f7\" data-element_type=\"widget\" data-e-type=\"widget\" data-widget_type=\"divider.default\">\n\t\t\t\t<div class=\"elementor-widget-container\">\n\t\t\t\t\t\t\t<div class=\"elementor-divider\">\n\t\t\t<span class=\"elementor-divider-separator\">\n\t\t\t\t\t\t<\/span>\n\t\t<\/div>\n\t\t\t\t\t\t<\/div>\n\t\t\t\t<\/div>\n\t\t\t\t<div class=\"elementor-element elementor-element-d68cefc elementor-widget elementor-widget-image\" data-id=\"d68cefc\" data-element_type=\"widget\" data-e-type=\"widget\" data-widget_type=\"image.default\">\n\t\t\t\t<div class=\"elementor-widget-container\">\n\t\t\t\t\t\t\t\t\t\t\t\t\t\t\t\t<a href=\"https:\/\/isopoint.com.br\/portal\/wp-content\/uploads\/2025\/05\/ESCOPO_22_ISOPOINT_Escopo_de_Acreditacao_OCP_02.04.2024-1.pdf\" target=\"_blank\">\n\t\t\t\t\t\t\t<img decoding=\"async\" width=\"1342\" height=\"2560\" src=\"https:\/\/isopoint.com.br\/portal\/wp-content\/uploads\/2025\/04\/Escopo-de-Acreditacao-Isopoint-scaled.png\" class=\"attachment-full size-full wp-image-1389\" alt=\"\" srcset=\"https:\/\/isopoint.com.br\/portal\/wp-content\/uploads\/2025\/04\/Escopo-de-Acreditacao-Isopoint-scaled.png 1342w, https:\/\/isopoint.com.br\/portal\/wp-content\/uploads\/2025\/04\/Escopo-de-Acreditacao-Isopoint-157x300.png 157w, https:\/\/isopoint.com.br\/portal\/wp-content\/uploads\/2025\/04\/Escopo-de-Acreditacao-Isopoint-537x1024.png 537w, https:\/\/isopoint.com.br\/portal\/wp-content\/uploads\/2025\/04\/Escopo-de-Acreditacao-Isopoint-768x1465.png 768w, https:\/\/isopoint.com.br\/portal\/wp-content\/uploads\/2025\/04\/Escopo-de-Acreditacao-Isopoint-805x1536.png 805w, https:\/\/isopoint.com.br\/portal\/wp-content\/uploads\/2025\/04\/Escopo-de-Acreditacao-Isopoint-1074x2048.png 1074w\" sizes=\"(max-width: 1342px) 100vw, 1342px\" \/>\t\t\t\t\t\t\t\t<\/a>\n\t\t\t\t\t\t\t\t\t\t\t\t\t\t\t<\/div>\n\t\t\t\t<\/div>\n\t\t\t\t<\/div>\n\t\t<div class=\"has_eae_slider elementor-element elementor-element-608d050 e-con-full e-flex e-con e-child\" data-eae-slider=\"15852\" data-id=\"608d050\" data-element_type=\"container\" data-e-type=\"container\">\n\t\t\t\t<div class=\"elementor-element elementor-element-97ea5ae animated-slow elementor-widget__width-initial elementor-widget-mobile__width-initial elementor-invisible elementor-widget elementor-widget-heading\" data-id=\"97ea5ae\" data-element_type=\"widget\" data-e-type=\"widget\" data-settings=\"{&quot;_animation&quot;:&quot;fadeInUp&quot;}\" data-widget_type=\"heading.default\">\n\t\t\t\t<div class=\"elementor-widget-container\">\n\t\t\t\t\t<h2 class=\"elementor-heading-title elementor-size-default\">Acredita\u00e7\u00e3o<\/h2>\t\t\t\t<\/div>\n\t\t\t\t<\/div>\n\t\t\t\t<div class=\"elementor-element elementor-element-bda1049 elementor-widget__width-initial elementor-widget-divider--view-line elementor-widget elementor-widget-divider\" data-id=\"bda1049\" data-element_type=\"widget\" data-e-type=\"widget\" data-widget_type=\"divider.default\">\n\t\t\t\t<div class=\"elementor-widget-container\">\n\t\t\t\t\t\t\t<div class=\"elementor-divider\">\n\t\t\t<span class=\"elementor-divider-separator\">\n\t\t\t\t\t\t<\/span>\n\t\t<\/div>\n\t\t\t\t\t\t<\/div>\n\t\t\t\t<\/div>\n\t\t\t\t<div class=\"elementor-element elementor-element-9d3eb2a elementor-widget elementor-widget-image\" data-id=\"9d3eb2a\" data-element_type=\"widget\" data-e-type=\"widget\" data-widget_type=\"image.default\">\n\t\t\t\t<div class=\"elementor-widget-container\">\n\t\t\t\t\t\t\t\t\t\t\t\t\t\t\t<img decoding=\"async\" width=\"404\" height=\"675\" src=\"https:\/\/isopoint.com.br\/portal\/wp-content\/uploads\/2025\/06\/logo-acreditacao.jpeg\" class=\"attachment-full size-full wp-image-3544\" alt=\"\" srcset=\"https:\/\/isopoint.com.br\/portal\/wp-content\/uploads\/2025\/06\/logo-acreditacao.jpeg 404w, https:\/\/isopoint.com.br\/portal\/wp-content\/uploads\/2025\/06\/logo-acreditacao-180x300.jpeg 180w\" sizes=\"(max-width: 404px) 100vw, 404px\" \/>\t\t\t\t\t\t\t\t\t\t\t\t\t\t\t<\/div>\n\t\t\t\t<\/div>\n\t\t\t\t<\/div>\n\t\t\t\t\t<\/div>\n\t\t\t\t<\/div>\n\t\t\t\t<\/div>\n\t\t","protected":false},"excerpt":{"rendered":"<p>Nossa Acredita\u00e7\u00e3o A Coordena\u00e7\u00e3o Geral de Acredita\u00e7\u00e3o (Cgcre) do Inmetro \u00e9 o \u00fanico organismo brasileiro autorizado a acreditar entidades que avaliam a conformidade de produtos, servi\u00e7os e sistemas de gest\u00e3o. Criada pelo Decreto n\u00ba 6.275\/2007, a Cgcre assegura que essas entidades atendam a padr\u00f5es t\u00e9cnicos rigorosos. A Divis\u00e3o de Acredita\u00e7\u00e3o de Organismos de Certifica\u00e7\u00e3o (Dicor) [&hellip;]<\/p>\n","protected":false},"author":1,"featured_media":0,"parent":0,"menu_order":0,"comment_status":"closed","ping_status":"closed","template":"","meta":{"footnotes":""},"class_list":["post-461","page","type-page","status-publish","hentry"],"_links":{"self":[{"href":"https:\/\/isopoint.com.br\/portal\/wp-json\/wp\/v2\/pages\/461","targetHints":{"allow":["GET"]}}],"collection":[{"href":"https:\/\/isopoint.com.br\/portal\/wp-json\/wp\/v2\/pages"}],"about":[{"href":"https:\/\/isopoint.com.br\/portal\/wp-json\/wp\/v2\/types\/page"}],"author":[{"embeddable":true,"href":"https:\/\/isopoint.com.br\/portal\/wp-json\/wp\/v2\/users\/1"}],"replies":[{"embeddable":true,"href":"https:\/\/isopoint.com.br\/portal\/wp-json\/wp\/v2\/comments?post=461"}],"version-history":[{"count":124,"href":"https:\/\/isopoint.com.br\/portal\/wp-json\/wp\/v2\/pages\/461\/revisions"}],"predecessor-version":[{"id":3550,"href":"https:\/\/isopoint.com.br\/portal\/wp-json\/wp\/v2\/pages\/461\/revisions\/3550"}],"wp:attachment":[{"href":"https:\/\/isopoint.com.br\/portal\/wp-json\/wp\/v2\/media?parent=461"}],"curies":[{"name":"wp","href":"https:\/\/api.w.org\/{rel}","templated":true}]}}