{"id":468,"date":"2025-04-15T23:12:43","date_gmt":"2025-04-15T23:12:43","guid":{"rendered":"https:\/\/vivianwebdesigner.com.br\/warleyreis\/?page_id=468"},"modified":"2025-04-21T02:41:28","modified_gmt":"2025-04-21T02:41:28","slug":"comite-de-imparcialidade","status":"publish","type":"page","link":"https:\/\/isopoint.com.br\/portal\/comite-de-imparcialidade\/","title":{"rendered":"Comit\u00ea de Imparcialidade"},"content":{"rendered":"\t\t<div data-elementor-type=\"wp-page\" data-elementor-id=\"468\" class=\"elementor elementor-468\" data-elementor-post-type=\"page\">\n\t\t\t\t<div class=\"has_eae_slider elementor-element elementor-element-8c19ac3 e-flex e-con-boxed e-con e-parent\" data-eae-slider=\"81288\" data-id=\"8c19ac3\" data-element_type=\"container\" data-e-type=\"container\" data-settings=\"{&quot;background_background&quot;:&quot;classic&quot;}\">\n\t\t\t\t\t<div class=\"e-con-inner\">\n\t\t\t\t<div class=\"elementor-element elementor-element-b658ea6 animated-slow elementor-widget__width-initial elementor-widget-mobile__width-initial elementor-invisible elementor-widget elementor-widget-heading\" data-id=\"b658ea6\" data-element_type=\"widget\" data-e-type=\"widget\" data-settings=\"{&quot;_animation&quot;:&quot;fadeInUp&quot;}\" data-widget_type=\"heading.default\">\n\t\t\t\t<div class=\"elementor-widget-container\">\n\t\t\t\t\t<h2 class=\"elementor-heading-title elementor-size-default\">Comit\u00ea de Imparcialidade<\/h2>\t\t\t\t<\/div>\n\t\t\t\t<\/div>\n\t\t\t\t<div class=\"elementor-element elementor-element-598f869 elementor-widget__width-initial elementor-widget-divider--view-line elementor-widget elementor-widget-divider\" data-id=\"598f869\" data-element_type=\"widget\" data-e-type=\"widget\" data-widget_type=\"divider.default\">\n\t\t\t\t<div class=\"elementor-widget-container\">\n\t\t\t\t\t\t\t<div class=\"elementor-divider\">\n\t\t\t<span class=\"elementor-divider-separator\">\n\t\t\t\t\t\t<\/span>\n\t\t<\/div>\n\t\t\t\t\t\t<\/div>\n\t\t\t\t<\/div>\n\t\t\t\t\t<\/div>\n\t\t\t\t<\/div>\n\t\t<div class=\"has_eae_slider elementor-element elementor-element-810bae2 e-flex e-con-boxed e-con e-parent\" data-eae-slider=\"75003\" data-id=\"810bae2\" data-element_type=\"container\" data-e-type=\"container\">\n\t\t\t\t\t<div class=\"e-con-inner\">\n\t\t<div class=\"has_eae_slider elementor-element elementor-element-c14fa02 e-con-full e-flex e-con e-child\" data-eae-slider=\"89791\" data-id=\"c14fa02\" data-element_type=\"container\" data-e-type=\"container\">\n\t\t\t\t<div class=\"elementor-element elementor-element-9064b5a elementor-widget__width-initial elementor-invisible elementor-widget elementor-widget-text-editor\" data-id=\"9064b5a\" data-element_type=\"widget\" data-e-type=\"widget\" data-settings=\"{&quot;_animation&quot;:&quot;fadeInLeft&quot;,&quot;_animation_mobile&quot;:&quot;fadeIn&quot;}\" data-widget_type=\"text-editor.default\">\n\t\t\t\t<div class=\"elementor-widget-container\">\n\t\t\t\t\t\t\t\t\t<p><strong>IMPARCIALIDADE<\/strong><\/p><p>Com base na miss\u00e3o e nos valores estabelecidos pela ISOPOINT faz-se necess\u00e1rio agregar \u00e0 compet\u00eancia t\u00e9cnica uma marcada \u00eanfase, real e percept\u00edvel na imparcialidade, salvaguardando a independ\u00eancia, a objetividade, a confidencialidade e a \u00e9tica.<\/p><p>Especificamente:<\/p>\t\t\t\t\t\t\t\t<\/div>\n\t\t\t\t<\/div>\n\t\t\t\t<div class=\"elementor-element elementor-element-443ba6d elementor-widget__width-initial elementor-icon-list--layout-traditional elementor-list-item-link-full_width elementor-invisible elementor-widget elementor-widget-icon-list\" data-id=\"443ba6d\" data-element_type=\"widget\" data-e-type=\"widget\" data-settings=\"{&quot;_animation&quot;:&quot;fadeInLeft&quot;,&quot;_animation_mobile&quot;:&quot;fadeIn&quot;}\" data-widget_type=\"icon-list.default\">\n\t\t\t\t<div class=\"elementor-widget-container\">\n\t\t\t\t\t\t\t<ul class=\"elementor-icon-list-items\">\n\t\t\t\t\t\t\t<li class=\"elementor-icon-list-item\">\n\t\t\t\t\t\t\t\t\t\t\t<span class=\"elementor-icon-list-icon\">\n\t\t\t\t\t\t\t<svg aria-hidden=\"true\" class=\"e-font-icon-svg e-fas-check\" viewBox=\"0 0 512 512\" xmlns=\"http:\/\/www.w3.org\/2000\/svg\"><path d=\"M173.898 439.404l-166.4-166.4c-9.997-9.997-9.997-26.206 0-36.204l36.203-36.204c9.997-9.998 26.207-9.998 36.204 0L192 312.69 432.095 72.596c9.997-9.997 26.207-9.997 36.204 0l36.203 36.204c9.997 9.997 9.997 26.206 0 36.204l-294.4 294.401c-9.998 9.997-26.207 9.997-36.204-.001z\"><\/path><\/svg>\t\t\t\t\t\t<\/span>\n\t\t\t\t\t\t\t\t\t\t<span class=\"elementor-icon-list-text\">A independ\u00eancia de todos os envolvidos nos diferentes processos, frente a press\u00f5es de qualquer ordem e que possam influenciar suas atividades, decis\u00f5es ou resultados<\/span>\n\t\t\t\t\t\t\t\t\t<\/li>\n\t\t\t\t\t\t\t\t<li class=\"elementor-icon-list-item\">\n\t\t\t\t\t\t\t\t\t\t\t<span class=\"elementor-icon-list-icon\">\n\t\t\t\t\t\t\t<svg aria-hidden=\"true\" class=\"e-font-icon-svg e-fas-check\" viewBox=\"0 0 512 512\" xmlns=\"http:\/\/www.w3.org\/2000\/svg\"><path d=\"M173.898 439.404l-166.4-166.4c-9.997-9.997-9.997-26.206 0-36.204l36.203-36.204c9.997-9.998 26.207-9.998 36.204 0L192 312.69 432.095 72.596c9.997-9.997 26.207-9.997 36.204 0l36.203 36.204c9.997 9.997 9.997 26.206 0 36.204l-294.4 294.401c-9.998 9.997-26.207 9.997-36.204-.001z\"><\/path><\/svg>\t\t\t\t\t\t<\/span>\n\t\t\t\t\t\t\t\t\t\t<span class=\"elementor-icon-list-text\">A objetividade nas considera\u00e7\u00f5es, julgamento, avalia\u00e7\u00f5es, e tomada de decis\u00e3o, baseando-se exclusivamente nas evid\u00eancias objetivas<\/span>\n\t\t\t\t\t\t\t\t\t<\/li>\n\t\t\t\t\t\t\t\t<li class=\"elementor-icon-list-item\">\n\t\t\t\t\t\t\t\t\t\t\t<span class=\"elementor-icon-list-icon\">\n\t\t\t\t\t\t\t<svg aria-hidden=\"true\" class=\"e-font-icon-svg e-fas-check\" viewBox=\"0 0 512 512\" xmlns=\"http:\/\/www.w3.org\/2000\/svg\"><path d=\"M173.898 439.404l-166.4-166.4c-9.997-9.997-9.997-26.206 0-36.204l36.203-36.204c9.997-9.998 26.207-9.998 36.204 0L192 312.69 432.095 72.596c9.997-9.997 26.207-9.997 36.204 0l36.203 36.204c9.997 9.997 9.997 26.206 0 36.204l-294.4 294.401c-9.998 9.997-26.207 9.997-36.204-.001z\"><\/path><\/svg>\t\t\t\t\t\t<\/span>\n\t\t\t\t\t\t\t\t\t\t<span class=\"elementor-icon-list-text\">A confidencialidade \u2013 de toda e qualquer informa\u00e7\u00e3o relacionada a suas atividades<\/span>\n\t\t\t\t\t\t\t\t\t<\/li>\n\t\t\t\t\t\t\t\t<li class=\"elementor-icon-list-item\">\n\t\t\t\t\t\t\t\t\t\t\t<span class=\"elementor-icon-list-icon\">\n\t\t\t\t\t\t\t<svg aria-hidden=\"true\" class=\"e-font-icon-svg e-fas-check\" viewBox=\"0 0 512 512\" xmlns=\"http:\/\/www.w3.org\/2000\/svg\"><path d=\"M173.898 439.404l-166.4-166.4c-9.997-9.997-9.997-26.206 0-36.204l36.203-36.204c9.997-9.998 26.207-9.998 36.204 0L192 312.69 432.095 72.596c9.997-9.997 26.207-9.997 36.204 0l36.203 36.204c9.997 9.997 9.997 26.206 0 36.204l-294.4 294.401c-9.998 9.997-26.207 9.997-36.204-.001z\"><\/path><\/svg>\t\t\t\t\t\t<\/span>\n\t\t\t\t\t\t\t\t\t\t<span class=\"elementor-icon-list-text\">A \u00e9tica \u2013 atrav\u00e9s da n\u00e3o-discrimina\u00e7\u00e3o, da integridade, da aus\u00eancia ou resolu\u00e7\u00e3o das potenciais situa\u00e7\u00f5es de risco<\/span>\n\t\t\t\t\t\t\t\t\t<\/li>\n\t\t\t\t\t\t<\/ul>\n\t\t\t\t\t\t<\/div>\n\t\t\t\t<\/div>\n\t\t\t\t<div class=\"elementor-element elementor-element-1c55d8a elementor-widget__width-initial elementor-invisible elementor-widget elementor-widget-text-editor\" data-id=\"1c55d8a\" data-element_type=\"widget\" data-e-type=\"widget\" data-settings=\"{&quot;_animation&quot;:&quot;fadeInLeft&quot;,&quot;_animation_mobile&quot;:&quot;fadeIn&quot;}\" data-widget_type=\"text-editor.default\">\n\t\t\t\t<div class=\"elementor-widget-container\">\n\t\t\t\t\t\t\t\t\t<p><strong>COMPOSI\u00c7\u00c3O DO COMIT\u00ca<\/strong><\/p><p>O comit\u00ea de imparcialidade ser\u00e1 composto por membros do ISOPOINT e de diferentes institui\u00e7\u00f5es acad\u00eamico-cient\u00edficas, organiza\u00e7\u00f5es n\u00e3o-governamentais e comerciais, equilibrando os diferentes interesses para n\u00e3o comprometer a imparcialidade.<\/p><p><strong>ATIVIDADES DO COMIT\u00ca<\/strong><\/p><p>Cabe ao Comit\u00ea, analisar e aconselhar \u00e0 Alta Dire\u00e7\u00e3o do ISOPOINT quanto \u00e0 manuten\u00e7\u00e3o da imparcialidade em todas as suas atividades, aconselhando quanto \u00e0s quest\u00f5es que afetam a confian\u00e7a na certifica\u00e7\u00e3o, a fim de salvaguardar a imparcialidade:<\/p><ul><li>Zelar pela imparcialidade das atividades de certifica\u00e7\u00e3o<\/li><li>Fomentar o desenvolvimento de pol\u00edticas relativas \u00e0 imparcialidade a transpar\u00eancia e imagem p\u00fablica<\/li><li>Impedir qualquer tend\u00eancia de que interesses comerciais ou outros afetem as atividades de certifica\u00e7\u00e3o<\/li><li>Realizar no m\u00ednimo uma vez ao ano an\u00e1lise cr\u00edtica da imparcialidade nos processos de certifica\u00e7\u00e3o e tomada de decis\u00e3o do ISOPOINT<\/li><\/ul>\t\t\t\t\t\t\t\t<\/div>\n\t\t\t\t<\/div>\n\t\t\t\t<\/div>\n\t\t\t\t\t<\/div>\n\t\t\t\t<\/div>\n\t\t\t\t<\/div>\n\t\t","protected":false},"excerpt":{"rendered":"<p>Comit\u00ea de Imparcialidade IMPARCIALIDADE Com base na miss\u00e3o e nos valores estabelecidos pela ISOPOINT faz-se necess\u00e1rio agregar \u00e0 compet\u00eancia t\u00e9cnica uma marcada \u00eanfase, real e percept\u00edvel na imparcialidade, salvaguardando a independ\u00eancia, a objetividade, a confidencialidade e a \u00e9tica. Especificamente: A independ\u00eancia de todos os envolvidos nos diferentes processos, frente a press\u00f5es de qualquer ordem e [&hellip;]<\/p>\n","protected":false},"author":1,"featured_media":0,"parent":0,"menu_order":0,"comment_status":"closed","ping_status":"closed","template":"","meta":{"footnotes":""},"class_list":["post-468","page","type-page","status-publish","hentry"],"_links":{"self":[{"href":"https:\/\/isopoint.com.br\/portal\/wp-json\/wp\/v2\/pages\/468","targetHints":{"allow":["GET"]}}],"collection":[{"href":"https:\/\/isopoint.com.br\/portal\/wp-json\/wp\/v2\/pages"}],"about":[{"href":"https:\/\/isopoint.com.br\/portal\/wp-json\/wp\/v2\/types\/page"}],"author":[{"embeddable":true,"href":"https:\/\/isopoint.com.br\/portal\/wp-json\/wp\/v2\/users\/1"}],"replies":[{"embeddable":true,"href":"https:\/\/isopoint.com.br\/portal\/wp-json\/wp\/v2\/comments?post=468"}],"version-history":[{"count":19,"href":"https:\/\/isopoint.com.br\/portal\/wp-json\/wp\/v2\/pages\/468\/revisions"}],"predecessor-version":[{"id":1514,"href":"https:\/\/isopoint.com.br\/portal\/wp-json\/wp\/v2\/pages\/468\/revisions\/1514"}],"wp:attachment":[{"href":"https:\/\/isopoint.com.br\/portal\/wp-json\/wp\/v2\/media?parent=468"}],"curies":[{"name":"wp","href":"https:\/\/api.w.org\/{rel}","templated":true}]}}