{"id":472,"date":"2025-04-15T23:31:52","date_gmt":"2025-04-15T23:31:52","guid":{"rendered":"https:\/\/vivianwebdesigner.com.br\/warleyreis\/?page_id=472"},"modified":"2025-05-15T19:52:07","modified_gmt":"2025-05-15T19:52:07","slug":"certificacao-de-produtos","status":"publish","type":"page","link":"https:\/\/isopoint.com.br\/portal\/certificacao-de-produtos\/","title":{"rendered":"Certifica\u00e7\u00e3o de Produtos"},"content":{"rendered":"\t\t<div data-elementor-type=\"wp-page\" data-elementor-id=\"472\" class=\"elementor elementor-472\" data-elementor-post-type=\"page\">\n\t\t\t\t<div class=\"has_eae_slider elementor-element elementor-element-e66d76f e-flex e-con-boxed e-con e-parent\" data-eae-slider=\"14562\" data-id=\"e66d76f\" data-element_type=\"container\" data-e-type=\"container\" data-settings=\"{&quot;background_background&quot;:&quot;classic&quot;}\">\n\t\t\t\t\t<div class=\"e-con-inner\">\n\t\t\t\t<div class=\"elementor-element elementor-element-51d548a elementor-widget elementor-widget-spacer\" data-id=\"51d548a\" data-element_type=\"widget\" data-e-type=\"widget\" data-widget_type=\"spacer.default\">\n\t\t\t\t<div class=\"elementor-widget-container\">\n\t\t\t\t\t\t\t<div class=\"elementor-spacer\">\n\t\t\t<div class=\"elementor-spacer-inner\"><\/div>\n\t\t<\/div>\n\t\t\t\t\t\t<\/div>\n\t\t\t\t<\/div>\n\t\t\t\t<div class=\"elementor-element elementor-element-316036e animated-slow elementor-widget__width-initial elementor-widget-mobile__width-initial elementor-invisible elementor-widget elementor-widget-heading\" data-id=\"316036e\" data-element_type=\"widget\" data-e-type=\"widget\" data-settings=\"{&quot;_animation&quot;:&quot;fadeInUp&quot;}\" data-widget_type=\"heading.default\">\n\t\t\t\t<div class=\"elementor-widget-container\">\n\t\t\t\t\t<h2 class=\"elementor-heading-title elementor-size-default\">Certifica\u00e7\u00e3o de Produtos\n<\/h2>\t\t\t\t<\/div>\n\t\t\t\t<\/div>\n\t\t\t\t<div class=\"elementor-element elementor-element-2a8eed3 elementor-widget elementor-widget-spacer\" data-id=\"2a8eed3\" data-element_type=\"widget\" data-e-type=\"widget\" data-widget_type=\"spacer.default\">\n\t\t\t\t<div class=\"elementor-widget-container\">\n\t\t\t\t\t\t\t<div class=\"elementor-spacer\">\n\t\t\t<div class=\"elementor-spacer-inner\"><\/div>\n\t\t<\/div>\n\t\t\t\t\t\t<\/div>\n\t\t\t\t<\/div>\n\t\t\t\t\t<\/div>\n\t\t\t\t<\/div>\n\t\t<div class=\"has_eae_slider elementor-element elementor-element-c59f738 e-flex e-con-boxed e-con e-parent\" data-eae-slider=\"61674\" data-id=\"c59f738\" data-element_type=\"container\" data-e-type=\"container\">\n\t\t\t\t\t<div class=\"e-con-inner\">\n\t\t<div class=\"has_eae_slider elementor-element elementor-element-e49b28a e-con-full e-flex e-con e-child\" data-eae-slider=\"5923\" data-id=\"e49b28a\" data-element_type=\"container\" data-e-type=\"container\">\n\t\t\t\t<div class=\"elementor-element elementor-element-778c2aa elementor-widget__width-initial animated-slow elementor-widget-divider--view-line elementor-invisible elementor-widget elementor-widget-divider\" data-id=\"778c2aa\" data-element_type=\"widget\" data-e-type=\"widget\" data-settings=\"{&quot;_animation&quot;:&quot;fadeInDown&quot;}\" data-widget_type=\"divider.default\">\n\t\t\t\t<div class=\"elementor-widget-container\">\n\t\t\t\t\t\t\t<div class=\"elementor-divider\">\n\t\t\t<span class=\"elementor-divider-separator\">\n\t\t\t\t\t\t<\/span>\n\t\t<\/div>\n\t\t\t\t\t\t<\/div>\n\t\t\t\t<\/div>\n\t\t\t\t<div class=\"elementor-element elementor-element-0633d3f animated-slow elementor-widget__width-initial elementor-invisible elementor-widget elementor-widget-heading\" data-id=\"0633d3f\" data-element_type=\"widget\" data-e-type=\"widget\" data-settings=\"{&quot;_animation&quot;:&quot;fadeIn&quot;,&quot;_animation_delay&quot;:200}\" data-widget_type=\"heading.default\">\n\t\t\t\t<div class=\"elementor-widget-container\">\n\t\t\t\t\t<h2 class=\"elementor-heading-title elementor-size-default\">A certifica\u00e7\u00e3o de produtos vai al\u00e9m de um selo; \u00e9 um compromisso com a qualidade, seguran\u00e7a e confian\u00e7a. Ao certificar seu produto, voc\u00ea demonstra que ele atende a padr\u00f5es t\u00e9cnicos rigorosos, destacando-se no mercado e transmitindo credibilidade aos consumidores.\u00a0\n<br><br>\nNo ISOPOINT, acreditamos que cada produto tem uma hist\u00f3ria \u00fanica. Nosso processo de certifica\u00e7\u00e3o \u00e9 personalizado, considerando as especificidades do seu produto e as necessidades do seu p\u00fablico-alvo. Realizamos avalia\u00e7\u00f5es detalhadas, desde a an\u00e1lise de conformidade com normas t\u00e9cnicas at\u00e9 testes de desempenho, garantindo que seu produto esteja em conformidade com os requisitos estabelecidos.\n<br><br>\nAl\u00e9m de atender \u00e0s exig\u00eancias legais, a certifica\u00e7\u00e3o agrega valor \u00e0 sua marca, facilita o acesso a novos mercados e fortalece a confian\u00e7a dos clientes. \u00c9 uma ferramenta estrat\u00e9gica que impulsiona a competitividade e a inova\u00e7\u00e3o.\n<br><br>\nSeja para produtos de consumo, industriais ou tecnol\u00f3gicos, estamos prontos para apoi\u00e1-lo em cada etapa do processo. Com o ISOPOINT, a certifica\u00e7\u00e3o do seu produto \u00e9 conduzida com excel\u00eancia, transpar\u00eancia e compromisso com o sucesso do seu neg\u00f3cio.<\/h2>\t\t\t\t<\/div>\n\t\t\t\t<\/div>\n\t\t\t\t<div class=\"elementor-element elementor-element-0027a16 elementor-align-left elementor-invisible elementor-widget elementor-widget-button\" data-id=\"0027a16\" data-element_type=\"widget\" data-e-type=\"widget\" data-settings=\"{&quot;_animation&quot;:&quot;zoomIn&quot;}\" data-widget_type=\"button.default\">\n\t\t\t\t<div class=\"elementor-widget-container\">\n\t\t\t\t\t\t\t\t\t<div class=\"elementor-button-wrapper\">\n\t\t\t\t\t<a class=\"elementor-button elementor-button-link elementor-size-sm elementor-animation-grow\" href=\"http:\/\/www.inmetro.gov.br\/organismos\/consulta.asp\" target=\"_blank\">\n\t\t\t\t\t\t<span class=\"elementor-button-content-wrapper\">\n\t\t\t\t\t\t\t\t\t<span class=\"elementor-button-text\">VISUALIZAR ESPOCO NO SITE DO INMETRO<\/span>\n\t\t\t\t\t<\/span>\n\t\t\t\t\t<\/a>\n\t\t\t\t<\/div>\n\t\t\t\t\t\t\t\t<\/div>\n\t\t\t\t<\/div>\n\t\t\t\t<\/div>\n\t\t<div class=\"has_eae_slider elementor-element elementor-element-1e6a236 e-con-full e-flex elementor-invisible e-con e-child\" data-eae-slider=\"35324\" data-id=\"1e6a236\" data-element_type=\"container\" data-e-type=\"container\" data-settings=\"{&quot;background_background&quot;:&quot;classic&quot;,&quot;animation&quot;:&quot;fadeInRight&quot;}\">\n\t\t\t\t<div class=\"elementor-element elementor-element-850d02a elementor-widget__width-initial elementor-widget elementor-widget-gallery\" data-id=\"850d02a\" data-element_type=\"widget\" data-e-type=\"widget\" data-settings=\"{&quot;gallery_layout&quot;:&quot;justified&quot;,&quot;ideal_row_height&quot;:{&quot;unit&quot;:&quot;px&quot;,&quot;size&quot;:120,&quot;sizes&quot;:[]},&quot;ideal_row_height_mobile&quot;:{&quot;unit&quot;:&quot;px&quot;,&quot;size&quot;:86,&quot;sizes&quot;:[]},&quot;lazyload&quot;:&quot;yes&quot;,&quot;ideal_row_height_widescreen&quot;:{&quot;unit&quot;:&quot;px&quot;,&quot;size&quot;:&quot;&quot;,&quot;sizes&quot;:[]},&quot;ideal_row_height_tablet&quot;:{&quot;unit&quot;:&quot;px&quot;,&quot;size&quot;:150,&quot;sizes&quot;:[]},&quot;gap&quot;:{&quot;unit&quot;:&quot;px&quot;,&quot;size&quot;:10,&quot;sizes&quot;:[]},&quot;gap_widescreen&quot;:{&quot;unit&quot;:&quot;px&quot;,&quot;size&quot;:&quot;&quot;,&quot;sizes&quot;:[]},&quot;gap_tablet&quot;:{&quot;unit&quot;:&quot;px&quot;,&quot;size&quot;:10,&quot;sizes&quot;:[]},&quot;gap_mobile&quot;:{&quot;unit&quot;:&quot;px&quot;,&quot;size&quot;:10,&quot;sizes&quot;:[]},&quot;link_to&quot;:&quot;file&quot;,&quot;overlay_background&quot;:&quot;yes&quot;,&quot;content_hover_animation&quot;:&quot;fade-in&quot;}\" data-widget_type=\"gallery.default\">\n\t\t\t\t<div class=\"elementor-widget-container\">\n\t\t\t\t\t\t\t<div class=\"elementor-gallery__container\">\n\t\t\t\t\t\t\t<a class=\"e-gallery-item elementor-gallery-item elementor-animated-content\" href=\"https:\/\/isopoint.com.br\/portal\/wp-content\/uploads\/2025\/05\/1-1.png\" data-elementor-open-lightbox=\"yes\" data-elementor-lightbox-slideshow=\"850d02a\" data-e-action-hash=\"#elementor-action%3Aaction%3Dlightbox%26settings%3DeyJpZCI6Mjk3NywidXJsIjoiaHR0cHM6XC9cL2lzb3BvaW50LmNvbS5iclwvcG9ydGFsXC93cC1jb250ZW50XC91cGxvYWRzXC8yMDI1XC8wNVwvMS0xLnBuZyIsInNsaWRlc2hvdyI6Ijg1MGQwMmEifQ%3D%3D\">\n\t\t\t\t\t<div class=\"e-gallery-image elementor-gallery-item__image\" data-thumbnail=\"https:\/\/isopoint.com.br\/portal\/wp-content\/uploads\/2025\/05\/1-1-300x200.png\" data-width=\"300\" data-height=\"200\" aria-label=\"\" role=\"img\" ><\/div>\n\t\t\t\t\t\t\t\t\t\t\t<div class=\"elementor-gallery-item__overlay\"><\/div>\n\t\t\t\t\t\t\t\t\t\t\t\t\t\t<\/a>\n\t\t\t\t\t\t\t<a class=\"e-gallery-item elementor-gallery-item elementor-animated-content\" href=\"https:\/\/isopoint.com.br\/portal\/wp-content\/uploads\/2025\/05\/3-1.png\" data-elementor-open-lightbox=\"yes\" data-elementor-lightbox-slideshow=\"850d02a\" data-e-action-hash=\"#elementor-action%3Aaction%3Dlightbox%26settings%3DeyJpZCI6Mjk3NiwidXJsIjoiaHR0cHM6XC9cL2lzb3BvaW50LmNvbS5iclwvcG9ydGFsXC93cC1jb250ZW50XC91cGxvYWRzXC8yMDI1XC8wNVwvMy0xLnBuZyIsInNsaWRlc2hvdyI6Ijg1MGQwMmEifQ%3D%3D\">\n\t\t\t\t\t<div class=\"e-gallery-image elementor-gallery-item__image\" data-thumbnail=\"https:\/\/isopoint.com.br\/portal\/wp-content\/uploads\/2025\/05\/3-1-300x200.png\" data-width=\"300\" data-height=\"200\" aria-label=\"\" role=\"img\" ><\/div>\n\t\t\t\t\t\t\t\t\t\t\t<div class=\"elementor-gallery-item__overlay\"><\/div>\n\t\t\t\t\t\t\t\t\t\t\t\t\t\t<\/a>\n\t\t\t\t\t\t\t<a class=\"e-gallery-item elementor-gallery-item elementor-animated-content\" href=\"https:\/\/isopoint.com.br\/portal\/wp-content\/uploads\/2025\/05\/9-1-e1746708943365.png\" data-elementor-open-lightbox=\"yes\" data-elementor-lightbox-slideshow=\"850d02a\" data-elementor-lightbox-title=\"9\" data-e-action-hash=\"#elementor-action%3Aaction%3Dlightbox%26settings%3DeyJpZCI6Mjk4NSwidXJsIjoiaHR0cHM6XC9cL2lzb3BvaW50LmNvbS5iclwvcG9ydGFsXC93cC1jb250ZW50XC91cGxvYWRzXC8yMDI1XC8wNVwvOS0xLWUxNzQ2NzA4OTQzMzY1LnBuZyIsInNsaWRlc2hvdyI6Ijg1MGQwMmEifQ%3D%3D\">\n\t\t\t\t\t<div class=\"e-gallery-image elementor-gallery-item__image\" data-thumbnail=\"https:\/\/isopoint.com.br\/portal\/wp-content\/uploads\/2025\/05\/9-1-e1746708943365-300x278.png\" data-width=\"300\" data-height=\"278\" aria-label=\"\" role=\"img\" ><\/div>\n\t\t\t\t\t\t\t\t\t\t\t<div class=\"elementor-gallery-item__overlay\"><\/div>\n\t\t\t\t\t\t\t\t\t\t\t\t\t\t<\/a>\n\t\t\t\t\t\t\t<a class=\"e-gallery-item elementor-gallery-item elementor-animated-content\" href=\"https:\/\/isopoint.com.br\/portal\/wp-content\/uploads\/2025\/05\/CADEIRA-MONOBLOCO-01-scaled.jpg\" data-elementor-open-lightbox=\"yes\" data-elementor-lightbox-slideshow=\"850d02a\" data-e-action-hash=\"#elementor-action%3Aaction%3Dlightbox%26settings%3DeyJpZCI6Mjk3MSwidXJsIjoiaHR0cHM6XC9cL2lzb3BvaW50LmNvbS5iclwvcG9ydGFsXC93cC1jb250ZW50XC91cGxvYWRzXC8yMDI1XC8wNVwvQ0FERUlSQS1NT05PQkxPQ08tMDEtc2NhbGVkLmpwZyIsInNsaWRlc2hvdyI6Ijg1MGQwMmEifQ%3D%3D\">\n\t\t\t\t\t<div class=\"e-gallery-image elementor-gallery-item__image\" data-thumbnail=\"https:\/\/isopoint.com.br\/portal\/wp-content\/uploads\/2025\/05\/CADEIRA-MONOBLOCO-01-300x300.jpg\" data-width=\"300\" data-height=\"300\" aria-label=\"\" role=\"img\" ><\/div>\n\t\t\t\t\t\t\t\t\t\t\t<div class=\"elementor-gallery-item__overlay\"><\/div>\n\t\t\t\t\t\t\t\t\t\t\t\t\t\t<\/a>\n\t\t\t\t\t\t\t<a class=\"e-gallery-item elementor-gallery-item elementor-animated-content\" href=\"https:\/\/isopoint.com.br\/portal\/wp-content\/uploads\/2025\/05\/SOFA.jpg\" data-elementor-open-lightbox=\"yes\" data-elementor-lightbox-slideshow=\"850d02a\" data-e-action-hash=\"#elementor-action%3Aaction%3Dlightbox%26settings%3DeyJpZCI6Mjk3NCwidXJsIjoiaHR0cHM6XC9cL2lzb3BvaW50LmNvbS5iclwvcG9ydGFsXC93cC1jb250ZW50XC91cGxvYWRzXC8yMDI1XC8wNVwvU09GQS5qcGciLCJzbGlkZXNob3ciOiI4NTBkMDJhIn0%3D\">\n\t\t\t\t\t<div class=\"e-gallery-image elementor-gallery-item__image\" data-thumbnail=\"https:\/\/isopoint.com.br\/portal\/wp-content\/uploads\/2025\/05\/SOFA-300x200.jpg\" data-width=\"300\" data-height=\"200\" aria-label=\"\" role=\"img\" ><\/div>\n\t\t\t\t\t\t\t\t\t\t\t<div class=\"elementor-gallery-item__overlay\"><\/div>\n\t\t\t\t\t\t\t\t\t\t\t\t\t\t<\/a>\n\t\t\t\t\t\t\t<a class=\"e-gallery-item elementor-gallery-item elementor-animated-content\" href=\"https:\/\/isopoint.com.br\/portal\/wp-content\/uploads\/2025\/05\/MESA-REUNIAO.jpg\" data-elementor-open-lightbox=\"yes\" data-elementor-lightbox-slideshow=\"850d02a\" data-e-action-hash=\"#elementor-action%3Aaction%3Dlightbox%26settings%3DeyJpZCI6Mjk3MiwidXJsIjoiaHR0cHM6XC9cL2lzb3BvaW50LmNvbS5iclwvcG9ydGFsXC93cC1jb250ZW50XC91cGxvYWRzXC8yMDI1XC8wNVwvTUVTQS1SRVVOSUFPLmpwZyIsInNsaWRlc2hvdyI6Ijg1MGQwMmEifQ%3D%3D\">\n\t\t\t\t\t<div class=\"e-gallery-image elementor-gallery-item__image\" data-thumbnail=\"https:\/\/isopoint.com.br\/portal\/wp-content\/uploads\/2025\/05\/MESA-REUNIAO-225x300.jpg\" data-width=\"225\" data-height=\"300\" aria-label=\"\" role=\"img\" ><\/div>\n\t\t\t\t\t\t\t\t\t\t\t<div class=\"elementor-gallery-item__overlay\"><\/div>\n\t\t\t\t\t\t\t\t\t\t\t\t\t\t<\/a>\n\t\t\t\t\t\t\t<a class=\"e-gallery-item elementor-gallery-item elementor-animated-content\" href=\"https:\/\/isopoint.com.br\/portal\/wp-content\/uploads\/2025\/05\/2-1-e1746708336613.png\" data-elementor-open-lightbox=\"yes\" data-elementor-lightbox-slideshow=\"850d02a\" data-e-action-hash=\"#elementor-action%3Aaction%3Dlightbox%26settings%3DeyJpZCI6Mjk3NSwidXJsIjoiaHR0cHM6XC9cL2lzb3BvaW50LmNvbS5iclwvcG9ydGFsXC93cC1jb250ZW50XC91cGxvYWRzXC8yMDI1XC8wNVwvMi0xLWUxNzQ2NzA4MzM2NjEzLnBuZyIsInNsaWRlc2hvdyI6Ijg1MGQwMmEifQ%3D%3D\">\n\t\t\t\t\t<div class=\"e-gallery-image elementor-gallery-item__image\" data-thumbnail=\"https:\/\/isopoint.com.br\/portal\/wp-content\/uploads\/2025\/05\/2-1-e1746708336613-300x257.png\" data-width=\"300\" data-height=\"257\" aria-label=\"\" role=\"img\" ><\/div>\n\t\t\t\t\t\t\t\t\t\t\t<div class=\"elementor-gallery-item__overlay\"><\/div>\n\t\t\t\t\t\t\t\t\t\t\t\t\t\t<\/a>\n\t\t\t\t\t\t\t<a class=\"e-gallery-item elementor-gallery-item elementor-animated-content\" href=\"https:\/\/isopoint.com.br\/portal\/wp-content\/uploads\/2025\/05\/5-e1746708298381.png\" data-elementor-open-lightbox=\"yes\" data-elementor-lightbox-slideshow=\"850d02a\" data-e-action-hash=\"#elementor-action%3Aaction%3Dlightbox%26settings%3DeyJpZCI6Mjk3OCwidXJsIjoiaHR0cHM6XC9cL2lzb3BvaW50LmNvbS5iclwvcG9ydGFsXC93cC1jb250ZW50XC91cGxvYWRzXC8yMDI1XC8wNVwvNS1lMTc0NjcwODI5ODM4MS5wbmciLCJzbGlkZXNob3ciOiI4NTBkMDJhIn0%3D\">\n\t\t\t\t\t<div class=\"e-gallery-image elementor-gallery-item__image\" data-thumbnail=\"https:\/\/isopoint.com.br\/portal\/wp-content\/uploads\/2025\/05\/5-e1746708298381-300x263.png\" data-width=\"300\" data-height=\"263\" aria-label=\"\" role=\"img\" ><\/div>\n\t\t\t\t\t\t\t\t\t\t\t<div class=\"elementor-gallery-item__overlay\"><\/div>\n\t\t\t\t\t\t\t\t\t\t\t\t\t\t<\/a>\n\t\t\t\t\t<\/div>\n\t\t\t\t\t<\/div>\n\t\t\t\t<\/div>\n\t\t\t\t<\/div>\n\t\t\t\t\t<\/div>\n\t\t\t\t<\/div>\n\t\t\t\t<\/div>\n\t\t","protected":false},"excerpt":{"rendered":"<p>Certifica\u00e7\u00e3o de Produtos A certifica\u00e7\u00e3o de produtos vai al\u00e9m de um selo; \u00e9 um compromisso com a qualidade, seguran\u00e7a e confian\u00e7a. Ao certificar seu produto, voc\u00ea demonstra que ele atende a padr\u00f5es t\u00e9cnicos rigorosos, destacando-se no mercado e transmitindo credibilidade aos consumidores.\u00a0 No ISOPOINT, acreditamos que cada produto tem uma hist\u00f3ria \u00fanica. Nosso processo de [&hellip;]<\/p>\n","protected":false},"author":1,"featured_media":0,"parent":0,"menu_order":0,"comment_status":"closed","ping_status":"closed","template":"","meta":{"footnotes":""},"class_list":["post-472","page","type-page","status-publish","hentry"],"_links":{"self":[{"href":"https:\/\/isopoint.com.br\/portal\/wp-json\/wp\/v2\/pages\/472","targetHints":{"allow":["GET"]}}],"collection":[{"href":"https:\/\/isopoint.com.br\/portal\/wp-json\/wp\/v2\/pages"}],"about":[{"href":"https:\/\/isopoint.com.br\/portal\/wp-json\/wp\/v2\/types\/page"}],"author":[{"embeddable":true,"href":"https:\/\/isopoint.com.br\/portal\/wp-json\/wp\/v2\/users\/1"}],"replies":[{"embeddable":true,"href":"https:\/\/isopoint.com.br\/portal\/wp-json\/wp\/v2\/comments?post=472"}],"version-history":[{"count":49,"href":"https:\/\/isopoint.com.br\/portal\/wp-json\/wp\/v2\/pages\/472\/revisions"}],"predecessor-version":[{"id":3286,"href":"https:\/\/isopoint.com.br\/portal\/wp-json\/wp\/v2\/pages\/472\/revisions\/3286"}],"wp:attachment":[{"href":"https:\/\/isopoint.com.br\/portal\/wp-json\/wp\/v2\/media?parent=472"}],"curies":[{"name":"wp","href":"https:\/\/api.w.org\/{rel}","templated":true}]}}