{"id":476,"date":"2025-04-15T23:33:12","date_gmt":"2025-04-15T23:33:12","guid":{"rendered":"https:\/\/vivianwebdesigner.com.br\/warleyreis\/?page_id=476"},"modified":"2025-05-15T19:59:14","modified_gmt":"2025-05-15T19:59:14","slug":"normas-e-portarias-ecoselo","status":"publish","type":"page","link":"https:\/\/isopoint.com.br\/portal\/normas-e-portarias-ecoselo\/","title":{"rendered":"Normas e Portarias \u2013 ECOSelo"},"content":{"rendered":"\t\t<div data-elementor-type=\"wp-page\" data-elementor-id=\"476\" class=\"elementor elementor-476\" data-elementor-post-type=\"page\">\n\t\t\t\t<div class=\"has_eae_slider elementor-element elementor-element-ea7d078 e-flex e-con-boxed e-con e-parent\" data-eae-slider=\"46472\" data-id=\"ea7d078\" data-element_type=\"container\" data-e-type=\"container\" data-settings=\"{&quot;background_background&quot;:&quot;classic&quot;}\">\n\t\t\t\t\t<div class=\"e-con-inner\">\n\t\t\t\t<div class=\"elementor-element elementor-element-9e08453 elementor-widget elementor-widget-spacer\" data-id=\"9e08453\" data-element_type=\"widget\" data-e-type=\"widget\" data-widget_type=\"spacer.default\">\n\t\t\t\t<div class=\"elementor-widget-container\">\n\t\t\t\t\t\t\t<div class=\"elementor-spacer\">\n\t\t\t<div class=\"elementor-spacer-inner\"><\/div>\n\t\t<\/div>\n\t\t\t\t\t\t<\/div>\n\t\t\t\t<\/div>\n\t\t\t\t<div class=\"elementor-element elementor-element-ed797d0 animated-slow elementor-widget__width-initial elementor-widget-mobile__width-initial elementor-invisible elementor-widget elementor-widget-heading\" data-id=\"ed797d0\" data-element_type=\"widget\" data-e-type=\"widget\" data-settings=\"{&quot;_animation&quot;:&quot;fadeInUp&quot;}\" data-widget_type=\"heading.default\">\n\t\t\t\t<div class=\"elementor-widget-container\">\n\t\t\t\t\t<h2 class=\"elementor-heading-title elementor-size-default\">Normas e Portarias \u2013 ECOSelo\n<\/h2>\t\t\t\t<\/div>\n\t\t\t\t<\/div>\n\t\t\t\t<div class=\"elementor-element elementor-element-9f62178 elementor-widget elementor-widget-spacer\" data-id=\"9f62178\" data-element_type=\"widget\" data-e-type=\"widget\" data-widget_type=\"spacer.default\">\n\t\t\t\t<div class=\"elementor-widget-container\">\n\t\t\t\t\t\t\t<div class=\"elementor-spacer\">\n\t\t\t<div class=\"elementor-spacer-inner\"><\/div>\n\t\t<\/div>\n\t\t\t\t\t\t<\/div>\n\t\t\t\t<\/div>\n\t\t\t\t\t<\/div>\n\t\t\t\t<\/div>\n\t\t<div class=\"has_eae_slider elementor-element elementor-element-b6fe086 e-flex e-con-boxed e-con e-parent\" data-eae-slider=\"69837\" data-id=\"b6fe086\" data-element_type=\"container\" data-e-type=\"container\">\n\t\t\t\t\t<div class=\"e-con-inner\">\n\t\t<div class=\"has_eae_slider elementor-element elementor-element-2d0fd83 e-con-full e-flex e-con e-child\" data-eae-slider=\"12146\" data-id=\"2d0fd83\" data-element_type=\"container\" data-e-type=\"container\">\n\t\t\t\t<div class=\"elementor-element elementor-element-173d0c4 animated-slow elementor-widget__width-initial elementor-widget-mobile__width-initial elementor-invisible elementor-widget elementor-widget-heading\" data-id=\"173d0c4\" data-element_type=\"widget\" data-e-type=\"widget\" data-settings=\"{&quot;_animation&quot;:&quot;fadeInUp&quot;}\" data-widget_type=\"heading.default\">\n\t\t\t\t<div class=\"elementor-widget-container\">\n\t\t\t\t\t<h2 class=\"elementor-heading-title elementor-size-default\">SELO AMBIENTAL:\n<\/h2>\t\t\t\t<\/div>\n\t\t\t\t<\/div>\n\t\t\t\t<div class=\"elementor-element elementor-element-e11dae0 elementor-widget__width-initial elementor-widget-divider--view-line elementor-widget elementor-widget-divider\" data-id=\"e11dae0\" data-element_type=\"widget\" data-e-type=\"widget\" data-widget_type=\"divider.default\">\n\t\t\t\t<div class=\"elementor-widget-container\">\n\t\t\t\t\t\t\t<div class=\"elementor-divider\">\n\t\t\t<span class=\"elementor-divider-separator\">\n\t\t\t\t\t\t<\/span>\n\t\t<\/div>\n\t\t\t\t\t\t<\/div>\n\t\t\t\t<\/div>\n\t\t\t\t<div class=\"elementor-element elementor-element-89e777f elementor-widget__width-initial elementor-invisible elementor-widget elementor-widget-text-editor\" data-id=\"89e777f\" data-element_type=\"widget\" data-e-type=\"widget\" data-settings=\"{&quot;_animation&quot;:&quot;fadeInLeft&quot;,&quot;_animation_mobile&quot;:&quot;fadeIn&quot;}\" data-widget_type=\"text-editor.default\">\n\t\t\t\t<div class=\"elementor-widget-container\">\n\t\t\t\t\t\t\t\t\t<ul><li><strong>ISO 14020<\/strong>\u00a0\u2013 R\u00f3tulos e declara\u00e7\u00f5es ambientais \u2013 Princ\u00edpios gerais<\/li><li><strong>ISO 14024<\/strong>\u00a0\u2013 R\u00f3tulos e declara\u00e7\u00f5es ambientais \u2013 Rotulagem ambiental do tipo I \u2013 Princ\u00edpios e procedimentos<\/li><li><strong>ISO 14040<\/strong>\u00a0\u2013 Gest\u00e3o ambiental \u2013 Avalia\u00e7\u00e3o do ciclo de vida \u2013 Princ\u00edpios e estrutura<\/li><li><strong>ISO 14044<\/strong>\u00a0\u2013 Gest\u00e3o ambiental \u2013 Avalia\u00e7\u00e3o do ciclo de vida \u2013 Requisitos e orienta\u00e7\u00f5es<\/li><\/ul>\t\t\t\t\t\t\t\t<\/div>\n\t\t\t\t<\/div>\n\t\t\t\t<div class=\"elementor-element elementor-element-5203046 animated-slow elementor-widget__width-initial elementor-widget-mobile__width-initial elementor-invisible elementor-widget elementor-widget-heading\" data-id=\"5203046\" data-element_type=\"widget\" data-e-type=\"widget\" data-settings=\"{&quot;_animation&quot;:&quot;fadeInUp&quot;}\" data-widget_type=\"heading.default\">\n\t\t\t\t<div class=\"elementor-widget-container\">\n\t\t\t\t\t<h2 class=\"elementor-heading-title elementor-size-default\">Rotulagem Ambiental Tipo I \u2013 POP.5.050 - ECOSELO ISOPOINT - RAC:<\/h2>\t\t\t\t<\/div>\n\t\t\t\t<\/div>\n\t\t\t\t<div class=\"elementor-element elementor-element-88c763f elementor-widget__width-initial elementor-widget-divider--view-line elementor-widget elementor-widget-divider\" data-id=\"88c763f\" data-element_type=\"widget\" data-e-type=\"widget\" data-widget_type=\"divider.default\">\n\t\t\t\t<div class=\"elementor-widget-container\">\n\t\t\t\t\t\t\t<div class=\"elementor-divider\">\n\t\t\t<span class=\"elementor-divider-separator\">\n\t\t\t\t\t\t<\/span>\n\t\t<\/div>\n\t\t\t\t\t\t<\/div>\n\t\t\t\t<\/div>\n\t\t\t\t<div class=\"elementor-element elementor-element-0cf30dd elementor-widget__width-initial elementor-invisible elementor-widget elementor-widget-text-editor\" data-id=\"0cf30dd\" data-element_type=\"widget\" data-e-type=\"widget\" data-settings=\"{&quot;_animation&quot;:&quot;fadeInLeft&quot;,&quot;_animation_mobile&quot;:&quot;fadeIn&quot;}\" data-widget_type=\"text-editor.default\">\n\t\t\t\t<div class=\"elementor-widget-container\">\n\t\t\t\t\t\t\t\t\t<ul><li style=\"font-weight: 400;\" aria-level=\"1\"><span style=\"font-weight: 400;\">Mobili\u00e1rio \u2013 ITS.5.003<\/span><\/li><li style=\"font-weight: 400;\" aria-level=\"1\"><span style=\"font-weight: 400;\">Programa de Seguran\u00e7a da \u00c1gua \u2013 ITS.5.006<\/span><\/li><li style=\"font-weight: 400;\" aria-level=\"1\"><span style=\"font-weight: 400;\">Uso de Material Reciclado \u2013 ITS.5.007<\/span><\/li><li style=\"font-weight: 400;\" aria-level=\"1\"><span style=\"font-weight: 400;\">Produtos Qu\u00edmicos \u2013 ITS.5.010<\/span><\/li><li style=\"font-weight: 400;\" aria-level=\"1\"><span style=\"font-weight: 400;\">Grau de Vegetaliza\u00e7\u00e3o de Produto \u2013 ITS.5.011<\/span><\/li><li style=\"font-weight: 400;\" aria-level=\"1\"><span style=\"font-weight: 400;\">Tecnologia de Peliculiza\u00e7\u00e3o (Film Coating) \u2013 ITS.5.012<\/span><\/li><\/ul>\t\t\t\t\t\t\t\t<\/div>\n\t\t\t\t<\/div>\n\t\t\t\t<\/div>\n\t\t<div class=\"has_eae_slider elementor-element elementor-element-0237793 e-con-full e-flex e-con e-child\" data-eae-slider=\"8610\" data-id=\"0237793\" data-element_type=\"container\" data-e-type=\"container\">\n\t\t\t\t<div class=\"elementor-element elementor-element-597a412 elementor-widget__width-initial elementor-invisible elementor-widget elementor-widget-image\" data-id=\"597a412\" data-element_type=\"widget\" data-e-type=\"widget\" data-settings=\"{&quot;_animation&quot;:&quot;fadeInRight&quot;}\" data-widget_type=\"image.default\">\n\t\t\t\t<div class=\"elementor-widget-container\">\n\t\t\t\t\t\t\t\t\t\t\t\t\t\t\t<img fetchpriority=\"high\" decoding=\"async\" width=\"600\" height=\"613\" src=\"https:\/\/isopoint.com.br\/portal\/wp-content\/uploads\/2025\/04\/logo_ecoselo-600x613-1.png\" class=\"attachment-full size-full wp-image-1650\" alt=\"\" srcset=\"https:\/\/isopoint.com.br\/portal\/wp-content\/uploads\/2025\/04\/logo_ecoselo-600x613-1.png 600w, https:\/\/isopoint.com.br\/portal\/wp-content\/uploads\/2025\/04\/logo_ecoselo-600x613-1-294x300.png 294w\" sizes=\"(max-width: 600px) 100vw, 600px\" \/>\t\t\t\t\t\t\t\t\t\t\t\t\t\t\t<\/div>\n\t\t\t\t<\/div>\n\t\t\t\t<div class=\"elementor-element elementor-element-3dc8a71 elementor-widget__width-initial elementor-invisible elementor-widget elementor-widget-image\" data-id=\"3dc8a71\" data-element_type=\"widget\" data-e-type=\"widget\" data-settings=\"{&quot;_animation&quot;:&quot;fadeInRight&quot;}\" data-widget_type=\"image.default\">\n\t\t\t\t<div class=\"elementor-widget-container\">\n\t\t\t\t\t\t\t\t\t\t\t\t\t\t\t<img decoding=\"async\" width=\"1920\" height=\"1280\" src=\"https:\/\/isopoint.com.br\/portal\/wp-content\/uploads\/2025\/04\/3-1.png\" class=\"attachment-full size-full wp-image-1651\" alt=\"\" srcset=\"https:\/\/isopoint.com.br\/portal\/wp-content\/uploads\/2025\/04\/3-1.png 1920w, https:\/\/isopoint.com.br\/portal\/wp-content\/uploads\/2025\/04\/3-1-300x200.png 300w, https:\/\/isopoint.com.br\/portal\/wp-content\/uploads\/2025\/04\/3-1-1024x683.png 1024w, https:\/\/isopoint.com.br\/portal\/wp-content\/uploads\/2025\/04\/3-1-768x512.png 768w, https:\/\/isopoint.com.br\/portal\/wp-content\/uploads\/2025\/04\/3-1-1536x1024.png 1536w\" sizes=\"(max-width: 1920px) 100vw, 1920px\" \/>\t\t\t\t\t\t\t\t\t\t\t\t\t\t\t<\/div>\n\t\t\t\t<\/div>\n\t\t\t\t<\/div>\n\t\t\t\t\t<\/div>\n\t\t\t\t<\/div>\n\t\t\t\t<\/div>\n\t\t","protected":false},"excerpt":{"rendered":"<p>Normas e Portarias \u2013 ECOSelo SELO AMBIENTAL: ISO 14020\u00a0\u2013 R\u00f3tulos e declara\u00e7\u00f5es ambientais \u2013 Princ\u00edpios gerais ISO 14024\u00a0\u2013 R\u00f3tulos e declara\u00e7\u00f5es ambientais \u2013 Rotulagem ambiental do tipo I \u2013 Princ\u00edpios e procedimentos ISO 14040\u00a0\u2013 Gest\u00e3o ambiental \u2013 Avalia\u00e7\u00e3o do ciclo de vida \u2013 Princ\u00edpios e estrutura ISO 14044\u00a0\u2013 Gest\u00e3o ambiental \u2013 Avalia\u00e7\u00e3o do ciclo de [&hellip;]<\/p>\n","protected":false},"author":1,"featured_media":0,"parent":0,"menu_order":0,"comment_status":"closed","ping_status":"closed","template":"","meta":{"footnotes":""},"class_list":["post-476","page","type-page","status-publish","hentry"],"_links":{"self":[{"href":"https:\/\/isopoint.com.br\/portal\/wp-json\/wp\/v2\/pages\/476","targetHints":{"allow":["GET"]}}],"collection":[{"href":"https:\/\/isopoint.com.br\/portal\/wp-json\/wp\/v2\/pages"}],"about":[{"href":"https:\/\/isopoint.com.br\/portal\/wp-json\/wp\/v2\/types\/page"}],"author":[{"embeddable":true,"href":"https:\/\/isopoint.com.br\/portal\/wp-json\/wp\/v2\/users\/1"}],"replies":[{"embeddable":true,"href":"https:\/\/isopoint.com.br\/portal\/wp-json\/wp\/v2\/comments?post=476"}],"version-history":[{"count":55,"href":"https:\/\/isopoint.com.br\/portal\/wp-json\/wp\/v2\/pages\/476\/revisions"}],"predecessor-version":[{"id":3298,"href":"https:\/\/isopoint.com.br\/portal\/wp-json\/wp\/v2\/pages\/476\/revisions\/3298"}],"wp:attachment":[{"href":"https:\/\/isopoint.com.br\/portal\/wp-json\/wp\/v2\/media?parent=476"}],"curies":[{"name":"wp","href":"https:\/\/api.w.org\/{rel}","templated":true}]}}