{"id":478,"date":"2025-04-15T23:33:36","date_gmt":"2025-04-15T23:33:36","guid":{"rendered":"https:\/\/vivianwebdesigner.com.br\/warleyreis\/?page_id=478"},"modified":"2025-05-21T16:23:48","modified_gmt":"2025-05-21T16:23:48","slug":"normas-e-portarias-operadora-de-plano-de-saude-ops","status":"publish","type":"page","link":"https:\/\/isopoint.com.br\/portal\/normas-e-portarias-operadora-de-plano-de-saude-ops\/","title":{"rendered":"Normas e Portarias \u2013 Operadora de Plano de Sa\u00fade (OPS)"},"content":{"rendered":"\t\t<div data-elementor-type=\"wp-page\" data-elementor-id=\"478\" class=\"elementor elementor-478\" data-elementor-post-type=\"page\">\n\t\t\t\t<div class=\"has_eae_slider elementor-element elementor-element-dfeb9dc e-flex e-con-boxed e-con e-parent\" data-eae-slider=\"89640\" data-id=\"dfeb9dc\" data-element_type=\"container\" data-e-type=\"container\" data-settings=\"{&quot;background_background&quot;:&quot;classic&quot;}\">\n\t\t\t\t\t<div class=\"e-con-inner\">\n\t\t\t\t<div class=\"elementor-element elementor-element-ccf1ac2 elementor-widget elementor-widget-spacer\" data-id=\"ccf1ac2\" data-element_type=\"widget\" data-e-type=\"widget\" data-widget_type=\"spacer.default\">\n\t\t\t\t<div class=\"elementor-widget-container\">\n\t\t\t\t\t\t\t<div class=\"elementor-spacer\">\n\t\t\t<div class=\"elementor-spacer-inner\"><\/div>\n\t\t<\/div>\n\t\t\t\t\t\t<\/div>\n\t\t\t\t<\/div>\n\t\t\t\t<div class=\"elementor-element elementor-element-9dfb52f animated-slow elementor-widget__width-initial elementor-widget-mobile__width-initial elementor-invisible elementor-widget elementor-widget-heading\" data-id=\"9dfb52f\" data-element_type=\"widget\" data-e-type=\"widget\" data-settings=\"{&quot;_animation&quot;:&quot;fadeInUp&quot;}\" data-widget_type=\"heading.default\">\n\t\t\t\t<div class=\"elementor-widget-container\">\n\t\t\t\t\t<h2 class=\"elementor-heading-title elementor-size-default\">Normas e Portarias \u2013 Operadora de Plano de Sa\u00fade (OPS)<\/h2>\t\t\t\t<\/div>\n\t\t\t\t<\/div>\n\t\t\t\t<div class=\"elementor-element elementor-element-c55543d elementor-widget elementor-widget-spacer\" data-id=\"c55543d\" data-element_type=\"widget\" data-e-type=\"widget\" data-widget_type=\"spacer.default\">\n\t\t\t\t<div class=\"elementor-widget-container\">\n\t\t\t\t\t\t\t<div class=\"elementor-spacer\">\n\t\t\t<div class=\"elementor-spacer-inner\"><\/div>\n\t\t<\/div>\n\t\t\t\t\t\t<\/div>\n\t\t\t\t<\/div>\n\t\t\t\t\t<\/div>\n\t\t\t\t<\/div>\n\t\t<div class=\"has_eae_slider elementor-element elementor-element-78f50e1 e-flex e-con-boxed e-con e-parent\" data-eae-slider=\"65975\" data-id=\"78f50e1\" data-element_type=\"container\" data-e-type=\"container\">\n\t\t\t\t\t<div class=\"e-con-inner\">\n\t\t<div class=\"has_eae_slider elementor-element elementor-element-b4fefa8 e-con-full e-flex e-con e-child\" data-eae-slider=\"74559\" data-id=\"b4fefa8\" data-element_type=\"container\" data-e-type=\"container\">\n\t\t\t\t<div class=\"elementor-element elementor-element-b5cf973 animated-slow elementor-widget__width-initial elementor-widget-mobile__width-initial elementor-invisible elementor-widget elementor-widget-heading\" data-id=\"b5cf973\" data-element_type=\"widget\" data-e-type=\"widget\" data-settings=\"{&quot;_animation&quot;:&quot;fadeInUp&quot;}\" data-widget_type=\"heading.default\">\n\t\t\t\t<div class=\"elementor-widget-container\">\n\t\t\t\t\t<h2 class=\"elementor-heading-title elementor-size-default\">Acredita\u00e7\u00e3o de OPS\n<\/h2>\t\t\t\t<\/div>\n\t\t\t\t<\/div>\n\t\t\t\t<div class=\"elementor-element elementor-element-7e5a785 elementor-widget__width-initial elementor-widget-divider--view-line elementor-widget elementor-widget-divider\" data-id=\"7e5a785\" data-element_type=\"widget\" data-e-type=\"widget\" data-widget_type=\"divider.default\">\n\t\t\t\t<div class=\"elementor-widget-container\">\n\t\t\t\t\t\t\t<div class=\"elementor-divider\">\n\t\t\t<span class=\"elementor-divider-separator\">\n\t\t\t\t\t\t<\/span>\n\t\t<\/div>\n\t\t\t\t\t\t<\/div>\n\t\t\t\t<\/div>\n\t\t\t\t<div class=\"elementor-element elementor-element-64e318a elementor-widget__width-initial elementor-invisible elementor-widget elementor-widget-text-editor\" data-id=\"64e318a\" data-element_type=\"widget\" data-e-type=\"widget\" data-settings=\"{&quot;_animation&quot;:&quot;fadeInLeft&quot;,&quot;_animation_mobile&quot;:&quot;fadeIn&quot;}\" data-widget_type=\"text-editor.default\">\n\t\t\t\t<div class=\"elementor-widget-container\">\n\t\t\t\t\t\t\t\t\t<p><b>Resolu\u00e7\u00e3o Normativa &#8211; RN 452:<\/b><\/p><ul><li><b>RN N\u00ba 507<\/b><span style=\"font-weight: 400;\">\u00a0\u2013 Resolu\u00e7\u00e3o Normativa de 30 de mar\u00e7o de 2022.<\/span><\/li><li><b>RN N\u00ba 630 <\/b><span style=\"font-weight: 400;\">\u2013 Resolu\u00e7\u00e3o Normativa de 07 de abril de 2025.<\/span><\/li><li style=\"list-style-type: none;\">\u00a0<\/li><\/ul>\t\t\t\t\t\t\t\t<\/div>\n\t\t\t\t<\/div>\n\t\t\t\t<div class=\"elementor-element elementor-element-e0d79a3 elementor-align-justify elementor-widget__width-initial elementor-widget-mobile__width-initial elementor-invisible elementor-widget elementor-widget-button\" data-id=\"e0d79a3\" data-element_type=\"widget\" data-e-type=\"widget\" data-settings=\"{&quot;_animation&quot;:&quot;fadeInLeft&quot;}\" data-widget_type=\"button.default\">\n\t\t\t\t<div class=\"elementor-widget-container\">\n\t\t\t\t\t\t\t\t\t<div class=\"elementor-button-wrapper\">\n\t\t\t\t\t<a class=\"elementor-button elementor-button-link elementor-size-sm elementor-animation-grow\" href=\"https:\/\/www.in.gov.br\/web\/dou\/-\/resolucao-normativa-rn-n-452-de-9-de-marco-de-2020-249619028\" target=\"_blank\">\n\t\t\t\t\t\t<span class=\"elementor-button-content-wrapper\">\n\t\t\t\t\t\t\t\t\t<span class=\"elementor-button-text\">Acesse a regulamenta\u00e7\u00e3o relacionada  RN  N\u00ba 452 \/ ANS<\/span>\n\t\t\t\t\t<\/span>\n\t\t\t\t\t<\/a>\n\t\t\t\t<\/div>\n\t\t\t\t\t\t\t\t<\/div>\n\t\t\t\t<\/div>\n\t\t\t\t<\/div>\n\t\t<div class=\"has_eae_slider elementor-element elementor-element-8bdf272 e-con-full e-flex e-con e-child\" data-eae-slider=\"25471\" data-id=\"8bdf272\" data-element_type=\"container\" data-e-type=\"container\" data-settings=\"{&quot;background_background&quot;:&quot;classic&quot;}\">\n\t\t\t\t<div class=\"elementor-element elementor-element-cba4f1b elementor-invisible elementor-widget elementor-widget-image\" data-id=\"cba4f1b\" data-element_type=\"widget\" data-e-type=\"widget\" data-settings=\"{&quot;_animation&quot;:&quot;fadeInRight&quot;}\" data-widget_type=\"image.default\">\n\t\t\t\t<div class=\"elementor-widget-container\">\n\t\t\t\t\t\t\t\t\t\t\t\t\t\t\t<img fetchpriority=\"high\" decoding=\"async\" width=\"1920\" height=\"1280\" src=\"https:\/\/isopoint.com.br\/portal\/wp-content\/uploads\/2025\/04\/6-1.png\" class=\"attachment-full size-full wp-image-1676\" alt=\"\" srcset=\"https:\/\/isopoint.com.br\/portal\/wp-content\/uploads\/2025\/04\/6-1.png 1920w, https:\/\/isopoint.com.br\/portal\/wp-content\/uploads\/2025\/04\/6-1-300x200.png 300w, https:\/\/isopoint.com.br\/portal\/wp-content\/uploads\/2025\/04\/6-1-1024x683.png 1024w, https:\/\/isopoint.com.br\/portal\/wp-content\/uploads\/2025\/04\/6-1-768x512.png 768w, https:\/\/isopoint.com.br\/portal\/wp-content\/uploads\/2025\/04\/6-1-1536x1024.png 1536w\" sizes=\"(max-width: 1920px) 100vw, 1920px\" \/>\t\t\t\t\t\t\t\t\t\t\t\t\t\t\t<\/div>\n\t\t\t\t<\/div>\n\t\t\t\t<\/div>\n\t\t\t\t\t<\/div>\n\t\t\t\t<\/div>\n\t\t\t\t<\/div>\n\t\t","protected":false},"excerpt":{"rendered":"<p>Normas e Portarias \u2013 Operadora de Plano de Sa\u00fade (OPS) Acredita\u00e7\u00e3o de OPS Resolu\u00e7\u00e3o Normativa &#8211; RN 452: RN N\u00ba 507\u00a0\u2013 Resolu\u00e7\u00e3o Normativa de 30 de mar\u00e7o de 2022. RN N\u00ba 630 \u2013 Resolu\u00e7\u00e3o Normativa de 07 de abril de 2025. \u00a0 Acesse a regulamenta\u00e7\u00e3o relacionada RN N\u00ba 452 \/ ANS<\/p>\n","protected":false},"author":1,"featured_media":0,"parent":0,"menu_order":0,"comment_status":"closed","ping_status":"closed","template":"","meta":{"footnotes":""},"class_list":["post-478","page","type-page","status-publish","hentry"],"_links":{"self":[{"href":"https:\/\/isopoint.com.br\/portal\/wp-json\/wp\/v2\/pages\/478","targetHints":{"allow":["GET"]}}],"collection":[{"href":"https:\/\/isopoint.com.br\/portal\/wp-json\/wp\/v2\/pages"}],"about":[{"href":"https:\/\/isopoint.com.br\/portal\/wp-json\/wp\/v2\/types\/page"}],"author":[{"embeddable":true,"href":"https:\/\/isopoint.com.br\/portal\/wp-json\/wp\/v2\/users\/1"}],"replies":[{"embeddable":true,"href":"https:\/\/isopoint.com.br\/portal\/wp-json\/wp\/v2\/comments?post=478"}],"version-history":[{"count":61,"href":"https:\/\/isopoint.com.br\/portal\/wp-json\/wp\/v2\/pages\/478\/revisions"}],"predecessor-version":[{"id":3342,"href":"https:\/\/isopoint.com.br\/portal\/wp-json\/wp\/v2\/pages\/478\/revisions\/3342"}],"wp:attachment":[{"href":"https:\/\/isopoint.com.br\/portal\/wp-json\/wp\/v2\/media?parent=478"}],"curies":[{"name":"wp","href":"https:\/\/api.w.org\/{rel}","templated":true}]}}